{"id":9719,"date":"2025-09-25T10:13:39","date_gmt":"2025-09-25T08:13:39","guid":{"rendered":"https:\/\/ilaks.no\/Annons%C3%B8rinnhold\/?page_id=9719"},"modified":"2025-09-26T13:16:34","modified_gmt":"2025-09-26T11:16:34","slug":"forskningen-skal-tjene-norsk-sjomatnaering","status":"publish","type":"page","link":"https:\/\/ilaks.no\/Annons%C3%B8rinnhold\/forskningen-skal-tjene-norsk-sjomatnaering\/","title":{"rendered":"Forskningen skal tjene norsk sj\u00f8matn\u00e6ring\u00a0"},"content":{"rendered":"\t\t<div data-elementor-type=\"wp-page\" data-elementor-id=\"9719\" class=\"elementor elementor-9719\" data-elementor-post-type=\"page\">\n\t\t\t\t<div class=\"elementor-element elementor-element-376efee e-con-full e-flex e-con e-parent\" data-id=\"376efee\" data-element_type=\"container\" data-e-type=\"container\" data-settings=\"{&quot;background_background&quot;:&quot;classic&quot;,&quot;shape_divider_bottom&quot;:&quot;tilt&quot;}\">\n\t\t\t\t<div class=\"elementor-shape elementor-shape-bottom\" aria-hidden=\"true\" data-negative=\"false\">\n\t\t\t<svg xmlns=\"http:\/\/www.w3.org\/2000\/svg\" viewBox=\"0 0 1000 100\" preserveAspectRatio=\"none\">\n\t<path class=\"elementor-shape-fill\" d=\"M0,6V0h1000v100L0,6z\"\/>\n<\/svg>\t\t<\/div>\n\t\t\t\t<\/div>\n\t\t<div class=\"elementor-element elementor-element-f886282 elementor-hidden-desktop elementor-hidden-tablet elementor-hidden-mobile e-flex e-con-boxed e-con e-parent\" data-id=\"f886282\" data-element_type=\"container\" data-e-type=\"container\">\n\t\t\t\t\t<div class=\"e-con-inner\">\n\t\t\t\t<div class=\"elementor-element elementor-element-7dad015 elementor-widget-mobile__width-initial elementor-widget elementor-widget-text-editor\" data-id=\"7dad015\" data-element_type=\"widget\" data-e-type=\"widget\" data-widget_type=\"text-editor.default\">\n\t\t\t\t<div class=\"elementor-widget-container\">\n\t\t\t\t\t\t\t\t\t<p><i>Film: Bio Marine<\/i><\/p>\t\t\t\t\t\t\t\t<\/div>\n\t\t\t\t<\/div>\n\t\t\t\t\t<\/div>\n\t\t\t\t<\/div>\n\t\t<div class=\"elementor-element elementor-element-633ce81 e-flex e-con-boxed e-con e-parent\" data-id=\"633ce81\" data-element_type=\"container\" data-e-type=\"container\">\n\t\t\t\t\t<div class=\"e-con-inner\">\n\t\t\t\t<div class=\"elementor-element elementor-element-af03723 elementor-widget-mobile__width-initial elementor-widget elementor-widget-text-editor\" data-id=\"af03723\" data-element_type=\"widget\" data-e-type=\"widget\" data-widget_type=\"text-editor.default\">\n\t\t\t\t<div class=\"elementor-widget-container\">\n\t\t\t\t\t\t\t\t\t<p>ANNONSEARTIKKEL <span class=\"Apple-converted-space\">\u00a0<\/span>|<\/p>\t\t\t\t\t\t\t\t<\/div>\n\t\t\t\t<\/div>\n\t\t\t\t<div class=\"elementor-element elementor-element-033eb88 elementor-widget__width-initial elementor-widget elementor-widget-image\" data-id=\"033eb88\" data-element_type=\"widget\" data-e-type=\"widget\" data-widget_type=\"image.default\">\n\t\t\t\t<div class=\"elementor-widget-container\">\n\t\t\t\t\t\t\t\t\t\t\t\t\t\t\t<img fetchpriority=\"high\" decoding=\"async\" width=\"386\" height=\"259\" src=\"https:\/\/ilaks.no\/Annons%C3%B8rinnhold\/wp-content\/uploads\/2025\/09\/FHF-logo.webp\" class=\"attachment-large size-large wp-image-9729\" alt=\"\" srcset=\"https:\/\/ilaks.no\/Annons%C3%B8rinnhold\/wp-content\/uploads\/2025\/09\/FHF-logo.webp 386w, https:\/\/ilaks.no\/Annons%C3%B8rinnhold\/wp-content\/uploads\/2025\/09\/FHF-logo-300x201.webp 300w\" sizes=\"(max-width: 386px) 100vw, 386px\" \/>\t\t\t\t\t\t\t\t\t\t\t\t\t\t\t<\/div>\n\t\t\t\t<\/div>\n\t\t\t\t\t<\/div>\n\t\t\t\t<\/div>\n\t\t<div class=\"elementor-element elementor-element-a8022be e-flex e-con-boxed e-con e-parent\" data-id=\"a8022be\" data-element_type=\"container\" data-e-type=\"container\">\n\t\t\t\t\t<div class=\"e-con-inner\">\n\t\t<div class=\"elementor-element elementor-element-8869093 e-con-full e-flex e-con e-child\" data-id=\"8869093\" data-element_type=\"container\" data-e-type=\"container\">\n\t\t\t\t<div class=\"elementor-element elementor-element-845b56f elementor-widget elementor-widget-heading\" data-id=\"845b56f\" data-element_type=\"widget\" data-e-type=\"widget\" data-widget_type=\"heading.default\">\n\t\t\t\t<div class=\"elementor-widget-container\">\n\t\t\t\t\t<h3 class=\"elementor-heading-title elementor-size-default\">Forskningen skal tjene norsk sj\u00f8matn\u00e6ring<\/h3>\t\t\t\t<\/div>\n\t\t\t\t<\/div>\n\t\t\t\t<div class=\"elementor-element elementor-element-a2cbd31 elementor-widget elementor-widget-text-editor\" data-id=\"a2cbd31\" data-element_type=\"widget\" data-e-type=\"widget\" data-widget_type=\"text-editor.default\">\n\t\t\t\t<div class=\"elementor-widget-container\">\n\t\t\t\t\t\t\t\t\t<p style=\"font-weight: 400;\">St\u00e5le Walderhaug (50) har overtatt roret p\u00e5 FHF-skuta. Den erfarne forskeren med lang fartstid i SINTEF har staket ut kursen. Hovedbudskapet er tydelig: Forskningen skal tjene norsk sj\u00f8matn\u00e6ring \u2013 med \u00e5penhet, uavhengighet og tett dialog.<\/p>\t\t\t\t\t\t\t\t<\/div>\n\t\t\t\t<\/div>\n\t\t\t\t<\/div>\n\t\t\t\t\t<\/div>\n\t\t\t\t<\/div>\n\t\t<div class=\"elementor-element elementor-element-bcf11f5 e-flex e-con-boxed e-con e-parent\" data-id=\"bcf11f5\" data-element_type=\"container\" data-e-type=\"container\">\n\t\t\t\t\t<div class=\"e-con-inner\">\n\t\t\t\t<div class=\"elementor-element elementor-element-68e726e elementor-widget elementor-widget-text-editor\" data-id=\"68e726e\" data-element_type=\"widget\" data-e-type=\"widget\" data-widget_type=\"text-editor.default\">\n\t\t\t\t<div class=\"elementor-widget-container\">\n\t\t\t\t\t\t\t\t\t<p style=\"font-weight: 400;\"><b>Vil styrke dialogen<\/b><\/p>\t\t\t\t\t\t\t\t<\/div>\n\t\t\t\t<\/div>\n\t\t\t\t<div class=\"elementor-element elementor-element-e9c343b elementor-widget__width-inherit elementor-widget elementor-widget-text-editor\" data-id=\"e9c343b\" data-element_type=\"widget\" data-e-type=\"widget\" data-widget_type=\"text-editor.default\">\n\t\t\t\t<div class=\"elementor-widget-container\">\n\t\t\t\t\t\t\t\t\t<p>Norge skal v\u00e6re ekstremt stolt av sj\u00f8matn\u00e6ringen. Akt\u00f8rene er innovative og s\u00f8ker hele tiden ny kunnskap, og FHF har et stort ansvar for \u00e5 drive n\u00e6ringen fremover, understreker Walderhaug.<br \/><br \/>Som kjent settes 0,3 prosent av eksportinntektene fra sj\u00f8mat av til forskning. Dette utgj\u00f8r omkring 500 millioner kroner \u00e5rlig. Sammen med n\u00e6ringen prioriterer FHF hvor forskningsinnsatsen skal settes inn. Hvert \u00e5r publiseres det en handlingsplan som viser hvilke omr\u00e5der som er prioritert.<\/p>\t\t\t\t\t\t\t\t<\/div>\n\t\t\t\t<\/div>\n\t\t\t\t<div class=\"elementor-element elementor-element-578479e elementor-widget__width-inherit elementor-widget elementor-widget-text-editor\" data-id=\"578479e\" data-element_type=\"widget\" data-e-type=\"widget\" data-widget_type=\"text-editor.default\">\n\t\t\t\t<div class=\"elementor-widget-container\">\n\t\t\t\t\t\t\t\t\t<p style=\"font-weight: 400;\"><i data-stringify-type=\"italic\">\u00abDialogen med n\u00e6ringen er s\u00e6rdeles viktig. Jeg skal de neste ukene og m\u00e5nedene prioritere dialog med alle deler av n\u00e6ringen.\u00bb<\/i><\/p>\t\t\t\t\t\t\t\t<\/div>\n\t\t\t\t<\/div>\n\t\t\t\t<div class=\"elementor-element elementor-element-3749a84 elementor-widget__width-inherit elementor-widget elementor-widget-text-editor\" data-id=\"3749a84\" data-element_type=\"widget\" data-e-type=\"widget\" data-widget_type=\"text-editor.default\">\n\t\t\t\t<div class=\"elementor-widget-container\">\n\t\t\t\t\t\t\t\t\t<p style=\"font-weight: 400;\">St\u00e5le Walderhaug<\/p>\t\t\t\t\t\t\t\t<\/div>\n\t\t\t\t<\/div>\n\t\t\t\t<div class=\"elementor-element elementor-element-9968950 elementor-widget elementor-widget-text-editor\" data-id=\"9968950\" data-element_type=\"widget\" data-e-type=\"widget\" data-widget_type=\"text-editor.default\">\n\t\t\t\t<div class=\"elementor-widget-container\">\n\t\t\t\t\t\t\t\t\t<p style=\"font-weight: 400;\"><b>Erfaring fra SINTEF<\/b><\/p>\t\t\t\t\t\t\t\t<\/div>\n\t\t\t\t<\/div>\n\t\t\t\t<div class=\"elementor-element elementor-element-8305c7b elementor-widget__width-inherit elementor-widget elementor-widget-text-editor\" data-id=\"8305c7b\" data-element_type=\"widget\" data-e-type=\"widget\" data-widget_type=\"text-editor.default\">\n\t\t\t\t<div class=\"elementor-widget-container\">\n\t\t\t\t\t\t\t\t\t<p>Tiden i SINTEF l\u00e6rte Walderhaug hvor viktig relevant og anvendt forskning er. FHFs nye direkt\u00f8r er krystallklar p\u00e5 at prosjektene \u2013 s\u00e5 langt det er mulig \u2013 skal kunne anvendes av n\u00e6ringen.<br \/><br \/>FHF har tett og god dialog med alle deler av n\u00e6ringen. Innen havbruk, hvitfisk, pelagisk og fiskeindustri finnes egne faggrupper som gir innspill. Dessuten best\u00e5r styret utelukkende av representanter fra n\u00e6ringen.<\/p>\t\t\t\t\t\t\t\t<\/div>\n\t\t\t\t<\/div>\n\t\t\t\t<div class=\"elementor-element elementor-element-8b0ae0b elementor-widget__width-inherit elementor-widget elementor-widget-text-editor\" data-id=\"8b0ae0b\" data-element_type=\"widget\" data-e-type=\"widget\" data-widget_type=\"text-editor.default\">\n\t\t\t\t<div class=\"elementor-widget-container\">\n\t\t\t\t\t\t\t\t\t<ul><li data-ccp-props=\"{&quot;335551550&quot;:1,&quot;335551620&quot;:1,&quot;335559683&quot;:0,&quot;335559685&quot;:0,&quot;335559731&quot;:0,&quot;335559737&quot;:0,&quot;335562764&quot;:2,&quot;335562765&quot;:0.9,&quot;335562766&quot;:4,&quot;335562767&quot;:10,&quot;335562768&quot;:4,&quot;335562769&quot;:10}\">Om vi kan gj\u00f8re denne dialogen enda bedre, er det selvsagt et m\u00e5l for oss, sier 50-\u00e5ringen, som hadde sin f\u00f8rste arbeidsdag i FHF 18. august.<\/li><\/ul>\t\t\t\t\t\t\t\t<\/div>\n\t\t\t\t<\/div>\n\t\t\t\t<div class=\"elementor-element elementor-element-1c068fd elementor-widget__width-inherit elementor-widget elementor-widget-text-editor\" data-id=\"1c068fd\" data-element_type=\"widget\" data-e-type=\"widget\" data-widget_type=\"text-editor.default\">\n\t\t\t\t<div class=\"elementor-widget-container\">\n\t\t\t\t\t\t\t\t\t<p>FHF har ogs\u00e5 en egen innspillskanal p\u00e5 hjemmesiden fhf.no. Her kan alle komme med forslag. I fjor kom det hele 90 innspill. Av disse ble 20 til konkrete forskningsprosjekter, mens like mange ble tatt inn i eksisterende prosjekter.<\/p>\t\t\t\t\t\t\t\t<\/div>\n\t\t\t\t<\/div>\n\t\t\t\t<div class=\"elementor-element elementor-element-4a5ec09 elementor-widget__width-inherit elementor-widget elementor-widget-text-editor\" data-id=\"4a5ec09\" data-element_type=\"widget\" data-e-type=\"widget\" data-widget_type=\"text-editor.default\">\n\t\t\t\t<div class=\"elementor-widget-container\">\n\t\t\t\t\t\t\t\t\t<p style=\"font-weight: 400;\"><i>\u00abFor meg er det viktig \u00e5 sikre vitenskapelig kvalitet og tillit til forskningen vi finansierer. N\u00e6ringen m\u00e5 ha tillit til forskningen.\u00bb<\/i><\/p>\t\t\t\t\t\t\t\t<\/div>\n\t\t\t\t<\/div>\n\t\t\t\t<div class=\"elementor-element elementor-element-26e343f elementor-widget__width-inherit elementor-widget elementor-widget-text-editor\" data-id=\"26e343f\" data-element_type=\"widget\" data-e-type=\"widget\" data-widget_type=\"text-editor.default\">\n\t\t\t\t<div class=\"elementor-widget-container\">\n\t\t\t\t\t\t\t\t\t<p style=\"font-weight: 400;\">St\u00e5le Walderhaug<\/p>\t\t\t\t\t\t\t\t<\/div>\n\t\t\t\t<\/div>\n\t\t\t\t<div class=\"elementor-element elementor-element-64087b9 elementor-widget elementor-widget-image\" data-id=\"64087b9\" data-element_type=\"widget\" data-e-type=\"widget\" data-widget_type=\"image.default\">\n\t\t\t\t<div class=\"elementor-widget-container\">\n\t\t\t\t\t\t\t\t\t\t\t\t\t\t\t<img decoding=\"async\" width=\"1024\" height=\"611\" src=\"https:\/\/ilaks.no\/Annons%C3%B8rinnhold\/wp-content\/uploads\/2025\/09\/FHF-Walderhaug-1-1024x611.jpg\" class=\"attachment-large size-large wp-image-9738\" alt=\"\" srcset=\"https:\/\/ilaks.no\/Annons%C3%B8rinnhold\/wp-content\/uploads\/2025\/09\/FHF-Walderhaug-1-1024x611.jpg 1024w, https:\/\/ilaks.no\/Annons%C3%B8rinnhold\/wp-content\/uploads\/2025\/09\/FHF-Walderhaug-1-300x179.jpg 300w, https:\/\/ilaks.no\/Annons%C3%B8rinnhold\/wp-content\/uploads\/2025\/09\/FHF-Walderhaug-1-768x458.jpg 768w, https:\/\/ilaks.no\/Annons%C3%B8rinnhold\/wp-content\/uploads\/2025\/09\/FHF-Walderhaug-1-1536x916.jpg 1536w, https:\/\/ilaks.no\/Annons%C3%B8rinnhold\/wp-content\/uploads\/2025\/09\/FHF-Walderhaug-1.jpg 1920w\" sizes=\"(max-width: 1024px) 100vw, 1024px\" \/>\t\t\t\t\t\t\t\t\t\t\t\t\t\t\t<\/div>\n\t\t\t\t<\/div>\n\t\t\t\t<div class=\"elementor-element elementor-element-9c0f282 elementor-widget__width-inherit elementor-widget elementor-widget-text-editor\" data-id=\"9c0f282\" data-element_type=\"widget\" data-e-type=\"widget\" data-widget_type=\"text-editor.default\">\n\t\t\t\t<div class=\"elementor-widget-container\">\n\t\t\t\t\t\t\t\t\t<p style=\"font-weight: 400;\"><em>St\u00e5le Walderhaug er ny administrerende direkt\u00f8r i FHF (Fiskeri- og havbruksn\u00e6ringens forskningsfinansering). Han har blant annet fartstid b\u00e5de som forsker og direkt\u00f8r i Sintef. Foto: Marius Fiskum, FHF<\/em><\/p>\t\t\t\t\t\t\t\t<\/div>\n\t\t\t\t<\/div>\n\t\t\t\t<div class=\"elementor-element elementor-element-80650b7 elementor-widget elementor-widget-text-editor\" data-id=\"80650b7\" data-element_type=\"widget\" data-e-type=\"widget\" data-widget_type=\"text-editor.default\">\n\t\t\t\t<div class=\"elementor-widget-container\">\n\t\t\t\t\t\t\t\t\t<p style=\"font-weight: 400;\"><b>Bygger tillit gjennom \u00e5penhet<\/b><\/p>\t\t\t\t\t\t\t\t<\/div>\n\t\t\t\t<\/div>\n\t\t\t\t<div class=\"elementor-element elementor-element-6c4c1af elementor-widget__width-inherit elementor-widget elementor-widget-text-editor\" data-id=\"6c4c1af\" data-element_type=\"widget\" data-e-type=\"widget\" data-widget_type=\"text-editor.default\">\n\t\t\t\t<div class=\"elementor-widget-container\">\n\t\t\t\t\t\t\t\t\t<p style=\"font-weight: 400;\">Walderhaug er tydelig p\u00e5 at tilliten til forskningen som finansieres gjennom n\u00e6ringens egne midler, skal styrkes ytterligere.<\/p>\t\t\t\t\t\t\t\t<\/div>\n\t\t\t\t<\/div>\n\t\t\t\t<div class=\"elementor-element elementor-element-b3be610 elementor-widget__width-inherit elementor-widget elementor-widget-text-editor\" data-id=\"b3be610\" data-element_type=\"widget\" data-e-type=\"widget\" data-widget_type=\"text-editor.default\">\n\t\t\t\t<div class=\"elementor-widget-container\">\n\t\t\t\t\t\t\t\t\t<ul><li data-ccp-props=\"{&quot;335551550&quot;:1,&quot;335551620&quot;:1,&quot;335559683&quot;:0,&quot;335559685&quot;:0,&quot;335559731&quot;:0,&quot;335559737&quot;:0,&quot;335562764&quot;:2,&quot;335562765&quot;:0.9,&quot;335562766&quot;:4,&quot;335562767&quot;:10,&quot;335562768&quot;:4,&quot;335562769&quot;:10}\">Vi m\u00e5 v\u00e6re til stede p\u00e5 de rette arenaene, og aktivt bygge tillit. Det forutsetter \u00e5penhet om hva vi finansierer, v\u00e5re prosesser og hvilke resultater som oppn\u00e5s. N\u00e6ringen, forskningsmilj\u00f8ene og myndighetene skal v\u00e6re trygge p\u00e5 at FHF b\u00e5de kommuniserer positive og negative resultater, sier han.<\/li><\/ul>\t\t\t\t\t\t\t\t<\/div>\n\t\t\t\t<\/div>\n\t\t\t\t<div class=\"elementor-element elementor-element-5aac0b1 elementor-widget__width-inherit elementor-widget elementor-widget-text-editor\" data-id=\"5aac0b1\" data-element_type=\"widget\" data-e-type=\"widget\" data-widget_type=\"text-editor.default\">\n\t\t\t\t<div class=\"elementor-widget-container\">\n\t\t\t\t\t\t\t\t\t<p style=\"font-weight: 400;\">Selv med bakgrunn som forsker er Walderhaug bevisst p\u00e5 FHFs s\u00e6regne rolle: \u00e5 finansiere forskning p\u00e5 vegne av n\u00e6ringen, med et tydelig samfunnsoppdrag.<\/p><p>Han peker p\u00e5 at \u00e5pne datasett kan v\u00e6re et viktig verkt\u00f8y fremover: \u2013 \u00c5pne datasett er noe vi skal vurdere, slik at andre akt\u00f8rer ogs\u00e5 kan gj\u00f8re sine analyser.<\/p>\t\t\t\t\t\t\t\t<\/div>\n\t\t\t\t<\/div>\n\t\t\t\t<div class=\"elementor-element elementor-element-695db7e elementor-widget__width-inherit elementor-widget elementor-widget-text-editor\" data-id=\"695db7e\" data-element_type=\"widget\" data-e-type=\"widget\" data-widget_type=\"text-editor.default\">\n\t\t\t\t<div class=\"elementor-widget-container\">\n\t\t\t\t\t\t\t\t\t<ul><li data-ccp-props=\"{&quot;335551550&quot;:1,&quot;335551620&quot;:1,&quot;335559683&quot;:0,&quot;335559685&quot;:0,&quot;335559731&quot;:0,&quot;335559737&quot;:0,&quot;335562764&quot;:2,&quot;335562765&quot;:0.9,&quot;335562766&quot;:4,&quot;335562767&quot;:10,&quot;335562768&quot;:4,&quot;335562769&quot;:10}\">Vi m\u00e5 v\u00e6re til stede p\u00e5 de rette arenaene, og aktivt bygge tillit. Det forutsetter \u00e5penhet om hva vi finansierer, v\u00e5re prosesser og hvilke resultater som oppn\u00e5s. N\u00e6ringen, forskningsmilj\u00f8ene og myndighetene skal v\u00e6re trygge p\u00e5 at FHF b\u00e5de kommuniserer positive og negative resultater, sier han.<\/li><\/ul>\t\t\t\t\t\t\t\t<\/div>\n\t\t\t\t<\/div>\n\t\t\t\t<div class=\"elementor-element elementor-element-01dee6f elementor-widget__width-inherit elementor-widget elementor-widget-text-editor\" data-id=\"01dee6f\" data-element_type=\"widget\" data-e-type=\"widget\" data-widget_type=\"text-editor.default\">\n\t\t\t\t<div class=\"elementor-widget-container\">\n\t\t\t\t\t\t\t\t\t<p style=\"font-weight: 400;\"><i>\u00abVi skal l\u00f8se problemstillinger som n\u00e6ringen \u00f8nsker l\u00f8st, men forskningen skal samtidig v\u00e6re uavhengig og etterpr\u00f8vbar.\u00bb<\/i><\/p>\t\t\t\t\t\t\t\t<\/div>\n\t\t\t\t<\/div>\n\t\t\t\t<div class=\"elementor-element elementor-element-46817ee elementor-widget__width-inherit elementor-widget elementor-widget-text-editor\" data-id=\"46817ee\" data-element_type=\"widget\" data-e-type=\"widget\" data-widget_type=\"text-editor.default\">\n\t\t\t\t<div class=\"elementor-widget-container\">\n\t\t\t\t\t\t\t\t\t<p style=\"font-weight: 400;\">St\u00e5le Walderhaug<\/p>\t\t\t\t\t\t\t\t<\/div>\n\t\t\t\t<\/div>\n\t\t<div class=\"elementor-element elementor-element-6b415a7 e-con-full e-flex e-con e-child\" data-id=\"6b415a7\" data-element_type=\"container\" data-e-type=\"container\">\n\t\t\t\t<div class=\"elementor-element elementor-element-433f6a7 elementor-widget__width-initial elementor-widget elementor-widget-text-editor\" data-id=\"433f6a7\" data-element_type=\"widget\" data-e-type=\"widget\" data-widget_type=\"text-editor.default\">\n\t\t\t\t<div class=\"elementor-widget-container\">\n\t\t\t\t\t\t\t\t\t<p style=\"font-weight: 400;\"><strong>Fakta om FHF:<\/strong><\/p>\t\t\t\t\t\t\t\t<\/div>\n\t\t\t\t<\/div>\n\t\t\t\t<div class=\"elementor-element elementor-element-e26b925 elementor-widget__width-initial elementor-widget elementor-widget-text-editor\" data-id=\"e26b925\" data-element_type=\"widget\" data-e-type=\"widget\" data-widget_type=\"text-editor.default\">\n\t\t\t\t<div class=\"elementor-widget-container\">\n\t\t\t\t\t\t\t\t\t<ul style=\"font-weight: 400;\"><li>Statlig aksjeselskap 100 % eid av N\u00e6rings- og fiskeridepartementet.<\/li><li>Midlene kommer fra en eksportavgift p\u00e5 sj\u00f8mat \u2013 0,3 %.\u00a0<\/li><li>Hvert \u00e5r finansierer FHF forskningsprosjekter for over 500 millioner kroner.<\/li><li>23 ansatte fordelt p\u00e5 hovedkontoret i Troms\u00f8 og kontorene i Trondheim, \u00c5lesund og Oslo.<\/li><li>Styret best\u00e5r av: Edmund Johannes Broback (Br. Karlsen), Britt Kathrine Drivenes (Austevoll Seafood)), Ingvild Dahlen (Ler\u00f8y), K\u00e5re Heggeb\u00f8 (Norges Fiskarlag), Lisa Leineb\u00f8 Pinheiro (Leinebris), Marianne Halse (Salmar) og Ketil Rykhus (Sinkaberg).<\/li><\/ul>\t\t\t\t\t\t\t\t<\/div>\n\t\t\t\t<\/div>\n\t\t\t\t<\/div>\n\t\t\t\t\t<\/div>\n\t\t\t\t<\/div>\n\t\t<div class=\"elementor-element elementor-element-e145e85 e-con-full e-flex e-con e-parent\" data-id=\"e145e85\" data-element_type=\"container\" data-e-type=\"container\">\n\t\t<div class=\"elementor-element elementor-element-b892fc2 e-con-full e-flex e-con e-child\" data-id=\"b892fc2\" data-element_type=\"container\" data-e-type=\"container\" data-settings=\"{&quot;background_background&quot;:&quot;classic&quot;}\">\n\t\t<div class=\"elementor-element elementor-element-81e85d2 e-con-full e-flex e-con e-child\" data-id=\"81e85d2\" data-element_type=\"container\" data-e-type=\"container\">\n\t\t\t\t<div class=\"elementor-element elementor-element-6bebf61 elementor-widget__width-inherit elementor-widget elementor-widget-text-editor\" data-id=\"6bebf61\" data-element_type=\"widget\" data-e-type=\"widget\" data-widget_type=\"text-editor.default\">\n\t\t\t\t<div class=\"elementor-widget-container\">\n\t\t\t\t\t\t\t\t\t<h2 class=\"hero__title\"><span class=\"text-weight-300\">Kunnskap for en<\/span>ledende norsk sj\u00f8matn\u00e6ring<\/h2>\t\t\t\t\t\t\t\t<\/div>\n\t\t\t\t<\/div>\n\t\t\t\t<div class=\"elementor-element elementor-element-713e970 elementor-widget elementor-widget-lucrezia_core_button\" data-id=\"713e970\" data-element_type=\"widget\" data-e-type=\"widget\" data-widget_type=\"lucrezia_core_button.default\">\n\t\t\t\t<div class=\"elementor-widget-container\">\n\t\t\t\t\t<a class=\"qodef-shortcode qodef-m  qodef-button qodef-layout--filled  qodef-html--link\" href=\"https:\/\/www.fhf.no\" target=\"_blank\"  style=\"text-transform: uppercase\">\n\t<span class=\"qodef-m-text\">Les mer<\/span>\n<\/a>\n\t\t\t\t<\/div>\n\t\t\t\t<\/div>\n\t\t\t\t<\/div>\n\t\t\t\t<\/div>\n\t\t\t\t<\/div>\n\t\t\t\t<\/div>\n\t\t","protected":false},"excerpt":{"rendered":"<p>Film: Bio Marine ANNONSEARTIKKEL \u00a0| Forskningen skal tjene norsk sj\u00f8matn\u00e6ring St\u00e5le Walderhaug (50) har overtatt roret p\u00e5 FHF-skuta. Den erfarne forskeren med lang fartstid i SINTEF har staket ut kursen. Hovedbudskapet er tydelig: Forskningen skal tjene norsk sj\u00f8matn\u00e6ring \u2013 med \u00e5penhet, uavhengighet og tett dialog. Vil styrke dialogen Norge skal v\u00e6re ekstremt stolt av sj\u00f8matn\u00e6ringen. [&hellip;]<\/p>\n","protected":false},"author":1,"featured_media":0,"parent":0,"menu_order":0,"comment_status":"closed","ping_status":"closed","template":"page-full-width.php","meta":{"footnotes":""},"class_list":["post-9719","page","type-page","status-publish","hentry"],"_links":{"self":[{"href":"https:\/\/ilaks.no\/Annons%C3%B8rinnhold\/wp-json\/wp\/v2\/pages\/9719","targetHints":{"allow":["GET"]}}],"collection":[{"href":"https:\/\/ilaks.no\/Annons%C3%B8rinnhold\/wp-json\/wp\/v2\/pages"}],"about":[{"href":"https:\/\/ilaks.no\/Annons%C3%B8rinnhold\/wp-json\/wp\/v2\/types\/page"}],"author":[{"embeddable":true,"href":"https:\/\/ilaks.no\/Annons%C3%B8rinnhold\/wp-json\/wp\/v2\/users\/1"}],"replies":[{"embeddable":true,"href":"https:\/\/ilaks.no\/Annons%C3%B8rinnhold\/wp-json\/wp\/v2\/comments?post=9719"}],"version-history":[{"count":79,"href":"https:\/\/ilaks.no\/Annons%C3%B8rinnhold\/wp-json\/wp\/v2\/pages\/9719\/revisions"}],"predecessor-version":[{"id":9813,"href":"https:\/\/ilaks.no\/Annons%C3%B8rinnhold\/wp-json\/wp\/v2\/pages\/9719\/revisions\/9813"}],"wp:attachment":[{"href":"https:\/\/ilaks.no\/Annons%C3%B8rinnhold\/wp-json\/wp\/v2\/media?parent=9719"}],"curies":[{"name":"wp","href":"https:\/\/api.w.org\/{rel}","templated":true}]}}