{"id":9453,"date":"2025-07-04T09:49:15","date_gmt":"2025-07-04T07:49:15","guid":{"rendered":"https:\/\/ilaks.no\/Annons%C3%B8rinnhold\/?page_id=9453"},"modified":"2025-07-10T10:03:41","modified_gmt":"2025-07-10T08:03:41","slug":"ilaks-annonseartikkel","status":"publish","type":"page","link":"https:\/\/ilaks.no\/Annons%C3%B8rinnhold\/","title":{"rendered":"ilaks annonseartikkel\u00a0"},"content":{"rendered":"\t\t<div data-elementor-type=\"wp-page\" data-elementor-id=\"9453\" class=\"elementor elementor-9453\" data-elementor-post-type=\"page\">\n\t\t\t\t<div class=\"elementor-element elementor-element-376efee e-con-full e-flex e-con e-parent\" data-id=\"376efee\" data-element_type=\"container\" data-e-type=\"container\" data-settings=\"{&quot;background_background&quot;:&quot;classic&quot;,&quot;shape_divider_bottom&quot;:&quot;tilt&quot;}\">\n\t\t\t\t<div class=\"elementor-shape elementor-shape-bottom\" aria-hidden=\"true\" data-negative=\"false\">\n\t\t\t<svg xmlns=\"http:\/\/www.w3.org\/2000\/svg\" viewBox=\"0 0 1000 100\" preserveAspectRatio=\"none\">\n\t<path class=\"elementor-shape-fill\" d=\"M0,6V0h1000v100L0,6z\"\/>\n<\/svg>\t\t<\/div>\n\t\t\t\t<\/div>\n\t\t<div class=\"elementor-element elementor-element-f886282 e-flex e-con-boxed e-con e-parent\" data-id=\"f886282\" data-element_type=\"container\" data-e-type=\"container\">\n\t\t\t\t\t<div class=\"e-con-inner\">\n\t\t\t\t<div class=\"elementor-element elementor-element-7dad015 elementor-widget-mobile__width-initial elementor-widget elementor-widget-text-editor\" data-id=\"7dad015\" data-element_type=\"widget\" data-e-type=\"widget\" data-widget_type=\"text-editor.default\">\n\t\t\t\t<div class=\"elementor-widget-container\">\n\t\t\t\t\t\t\t\t\t<p><i>Video eller bilde<\/i><\/p>\t\t\t\t\t\t\t\t<\/div>\n\t\t\t\t<\/div>\n\t\t\t\t\t<\/div>\n\t\t\t\t<\/div>\n\t\t<div class=\"elementor-element elementor-element-633ce81 e-flex e-con-boxed e-con e-parent\" data-id=\"633ce81\" data-element_type=\"container\" data-e-type=\"container\">\n\t\t\t\t\t<div class=\"e-con-inner\">\n\t\t\t\t<div class=\"elementor-element elementor-element-af03723 elementor-widget-mobile__width-initial elementor-widget elementor-widget-text-editor\" data-id=\"af03723\" data-element_type=\"widget\" data-e-type=\"widget\" data-widget_type=\"text-editor.default\">\n\t\t\t\t<div class=\"elementor-widget-container\">\n\t\t\t\t\t\t\t\t\t<p>ANNONSEARTIKKEL <span class=\"Apple-converted-space\">\u00a0 <\/span>|<\/p>\t\t\t\t\t\t\t\t<\/div>\n\t\t\t\t<\/div>\n\t\t\t\t<div class=\"elementor-element elementor-element-033eb88 elementor-widget__width-initial elementor-widget elementor-widget-image\" data-id=\"033eb88\" data-element_type=\"widget\" data-e-type=\"widget\" data-widget_type=\"image.default\">\n\t\t\t\t<div class=\"elementor-widget-container\">\n\t\t\t\t\t\t\t\t\t\t\t\t\t\t\t<img fetchpriority=\"high\" decoding=\"async\" width=\"1024\" height=\"262\" src=\"https:\/\/ilaks.no\/Annons%C3%B8rinnhold\/wp-content\/uploads\/2025\/05\/iLaks.no-Logo-1024x262.png\" class=\"attachment-large size-large wp-image-15\" alt=\"\" srcset=\"https:\/\/ilaks.no\/Annons%C3%B8rinnhold\/wp-content\/uploads\/2025\/05\/iLaks.no-Logo-1024x262.png 1024w, https:\/\/ilaks.no\/Annons%C3%B8rinnhold\/wp-content\/uploads\/2025\/05\/iLaks.no-Logo-300x77.webp 300w, https:\/\/ilaks.no\/Annons%C3%B8rinnhold\/wp-content\/uploads\/2025\/05\/iLaks.no-Logo-768x197.webp 768w, https:\/\/ilaks.no\/Annons%C3%B8rinnhold\/wp-content\/uploads\/2025\/05\/iLaks.no-Logo-1536x394.png 1536w, https:\/\/ilaks.no\/Annons%C3%B8rinnhold\/wp-content\/uploads\/2025\/05\/iLaks.no-Logo.webp 1717w\" sizes=\"(max-width: 1024px) 100vw, 1024px\" \/>\t\t\t\t\t\t\t\t\t\t\t\t\t\t\t<\/div>\n\t\t\t\t<\/div>\n\t\t\t\t\t<\/div>\n\t\t\t\t<\/div>\n\t\t<div class=\"elementor-element elementor-element-a8022be e-flex e-con-boxed e-con e-parent\" data-id=\"a8022be\" data-element_type=\"container\" data-e-type=\"container\">\n\t\t\t\t\t<div class=\"e-con-inner\">\n\t\t<div class=\"elementor-element elementor-element-8869093 e-con-full e-flex e-con e-child\" data-id=\"8869093\" data-element_type=\"container\" data-e-type=\"container\">\n\t\t\t\t<div class=\"elementor-element elementor-element-845b56f elementor-widget elementor-widget-heading\" data-id=\"845b56f\" data-element_type=\"widget\" data-e-type=\"widget\" data-widget_type=\"heading.default\">\n\t\t\t\t<div class=\"elementor-widget-container\">\n\t\t\t\t\t<h3 class=\"elementor-heading-title elementor-size-default\">Oppn\u00e5 synlighet, engasjement og varig inntrykk \u2013 med annonseartikkel p\u00e5 iLaks.no<\/h3>\t\t\t\t<\/div>\n\t\t\t\t<\/div>\n\t\t\t\t<div class=\"elementor-element elementor-element-a2cbd31 elementor-widget elementor-widget-text-editor\" data-id=\"a2cbd31\" data-element_type=\"widget\" data-e-type=\"widget\" data-widget_type=\"text-editor.default\">\n\t\t\t\t<div class=\"elementor-widget-container\">\n\t\t\t\t\t\t\t\t\t<p data-start=\"281\" data-end=\"587\">Annonseartikler p\u00e5 iLaks.no kombinerer redaksjonell form med kommersielt innhold \u2013 og gir deg muligheten til \u00e5 kommunisere med kraft og kvalitet.<\/p>\t\t\t\t\t\t\t\t<\/div>\n\t\t\t\t<\/div>\n\t\t\t\t<\/div>\n\t\t\t\t\t<\/div>\n\t\t\t\t<\/div>\n\t\t<div class=\"elementor-element elementor-element-bcf11f5 e-flex e-con-boxed e-con e-parent\" data-id=\"bcf11f5\" data-element_type=\"container\" data-e-type=\"container\">\n\t\t\t\t\t<div class=\"e-con-inner\">\n\t\t\t\t<div class=\"elementor-element elementor-element-c4446f8 elementor-widget__width-inherit elementor-widget elementor-widget-text-editor\" data-id=\"c4446f8\" data-element_type=\"widget\" data-e-type=\"widget\" data-widget_type=\"text-editor.default\">\n\t\t\t\t<div class=\"elementor-widget-container\">\n\t\t\t\t\t\t\t\t\t<p data-start=\"281\" data-end=\"587\">Med en annonseartikkel p\u00e5 iLaks.no f\u00e5r du muligheten til \u00e5 kommunisere direkte med en engasjert og beslutningsdyktig m\u00e5lgruppe innen havbruk. Dette er en redaksjonelt utformet annonse som gir plass til innhold som informerer, engasjerer og bygger tillit \u2013 uten \u00e5 oppleves som p\u00e5trengende reklame.<\/p><p data-start=\"589\" data-end=\"763\">Annonseartikler p\u00e5 iLaks presenteres som en naturlig del av nyhetsbildet, og gir rom for \u00e5 l\u00f8fte frem prosjekter, teknologi, tjenester eller initiativer fra din organisasjon.<\/p><ul><li><strong>Redaksjonell utforming<\/strong> gj\u00f8r at artikkelen oppleves som naturlig innhold \u2013 ikke st\u00f8yende reklame.<\/li><li><strong>Plassering p\u00e5 forsiden<\/strong>, i artikkelstr\u00f8mmen og nyhetsbrev sikrer h\u00f8y eksponering.<\/li><li><strong>Sterk trafikk:<\/strong> iLaks.no har tusenvis av daglige bes\u00f8k \u2013 og artikkelplassering gir deg m\u00e5lbar synlighet over tid.<\/li><li><strong>H\u00f8y klikkrate:<\/strong> Tidligere annons\u00f8rer opplever engasjement og lang lesetid, fordi m\u00e5lgruppen er interessert i nettopp det du har \u00e5 tilby.<\/li><\/ul>\t\t\t\t\t\t\t\t<\/div>\n\t\t\t\t<\/div>\n\t\t<div class=\"elementor-element elementor-element-a5a97b0 e-grid e-con-full e-con e-child\" data-id=\"a5a97b0\" data-element_type=\"container\" data-e-type=\"container\">\n\t\t\t\t<div class=\"elementor-element elementor-element-4115f68 elementor-widget elementor-widget-image\" data-id=\"4115f68\" data-element_type=\"widget\" data-e-type=\"widget\" data-widget_type=\"image.default\">\n\t\t\t\t<div class=\"elementor-widget-container\">\n\t\t\t\t\t\t\t\t\t\t\t\t<figure class=\"wp-caption\">\n\t\t\t\t\t\t\t\t\t\t<img decoding=\"async\" width=\"1200\" height=\"1200\" src=\"https:\/\/ilaks.no\/Annons%C3%B8rinnhold\/wp-content\/uploads\/2025\/07\/Annonseartikkel-iLaks-1.webp\" class=\"attachment-full size-full wp-image-9467\" alt=\"\" srcset=\"https:\/\/ilaks.no\/Annons%C3%B8rinnhold\/wp-content\/uploads\/2025\/07\/Annonseartikkel-iLaks-1.webp 1200w, https:\/\/ilaks.no\/Annons%C3%B8rinnhold\/wp-content\/uploads\/2025\/07\/Annonseartikkel-iLaks-1-300x300.webp 300w, https:\/\/ilaks.no\/Annons%C3%B8rinnhold\/wp-content\/uploads\/2025\/07\/Annonseartikkel-iLaks-1-1024x1024.webp 1024w, https:\/\/ilaks.no\/Annons%C3%B8rinnhold\/wp-content\/uploads\/2025\/07\/Annonseartikkel-iLaks-1-150x150.webp 150w, https:\/\/ilaks.no\/Annons%C3%B8rinnhold\/wp-content\/uploads\/2025\/07\/Annonseartikkel-iLaks-1-768x768.webp 768w, https:\/\/ilaks.no\/Annons%C3%B8rinnhold\/wp-content\/uploads\/2025\/07\/Annonseartikkel-iLaks-1-650x650.webp 650w\" sizes=\"(max-width: 1200px) 100vw, 1200px\" \/>\t\t\t\t\t\t\t\t\t\t\t<figcaption class=\"widget-image-caption wp-caption-text\">Bilde: Adobe Stock<\/figcaption>\n\t\t\t\t\t\t\t\t\t\t<\/figure>\n\t\t\t\t\t\t\t\t\t<\/div>\n\t\t\t\t<\/div>\n\t\t\t\t<\/div>\n\t\t\t\t\t<\/div>\n\t\t\t\t<\/div>\n\t\t<div class=\"elementor-element elementor-element-b6566fb e-flex e-con-boxed e-con e-parent\" data-id=\"b6566fb\" data-element_type=\"container\" data-e-type=\"container\">\n\t\t\t\t\t<div class=\"e-con-inner\">\n\t\t\t\t<div class=\"elementor-element elementor-element-bfd1e50 elementor-widget elementor-widget-heading\" data-id=\"bfd1e50\" data-element_type=\"widget\" data-e-type=\"widget\" data-widget_type=\"heading.default\">\n\t\t\t\t<div class=\"elementor-widget-container\">\n\t\t\t\t\t<h5 class=\"elementor-heading-title elementor-size-default\">Tre fleksible m\u00e5ter \u00e5 produsere annonseartikkel p\u00e5<\/h5>\t\t\t\t<\/div>\n\t\t\t\t<\/div>\n\t\t\t\t<div class=\"elementor-element elementor-element-3036078 elementor-widget elementor-widget-image\" data-id=\"3036078\" data-element_type=\"widget\" data-e-type=\"widget\" data-widget_type=\"image.default\">\n\t\t\t\t<div class=\"elementor-widget-container\">\n\t\t\t\t\t\t\t\t\t\t\t\t<figure class=\"wp-caption\">\n\t\t\t\t\t\t\t\t\t\t<img decoding=\"async\" width=\"1024\" height=\"572\" src=\"https:\/\/ilaks.no\/Annons%C3%B8rinnhold\/wp-content\/uploads\/2025\/07\/Annonseartikkel-iLaks-4-1024x572.jpg\" class=\"attachment-large size-large wp-image-9474\" alt=\"\" srcset=\"https:\/\/ilaks.no\/Annons%C3%B8rinnhold\/wp-content\/uploads\/2025\/07\/Annonseartikkel-iLaks-4-1024x572.jpg 1024w, https:\/\/ilaks.no\/Annons%C3%B8rinnhold\/wp-content\/uploads\/2025\/07\/Annonseartikkel-iLaks-4-300x168.jpg 300w, https:\/\/ilaks.no\/Annons%C3%B8rinnhold\/wp-content\/uploads\/2025\/07\/Annonseartikkel-iLaks-4-768x429.jpg 768w, https:\/\/ilaks.no\/Annons%C3%B8rinnhold\/wp-content\/uploads\/2025\/07\/Annonseartikkel-iLaks-4-1536x858.jpg 1536w, https:\/\/ilaks.no\/Annons%C3%B8rinnhold\/wp-content\/uploads\/2025\/07\/Annonseartikkel-iLaks-4.jpg 1920w\" sizes=\"(max-width: 1024px) 100vw, 1024px\" \/>\t\t\t\t\t\t\t\t\t\t\t<figcaption class=\"widget-image-caption wp-caption-text\">Bilde: Adobe Stock<\/figcaption>\n\t\t\t\t\t\t\t\t\t\t<\/figure>\n\t\t\t\t\t\t\t\t\t<\/div>\n\t\t\t\t<\/div>\n\t\t\t\t<div class=\"elementor-element elementor-element-8f4576a elementor-widget elementor-widget-text-editor\" data-id=\"8f4576a\" data-element_type=\"widget\" data-e-type=\"widget\" data-widget_type=\"text-editor.default\">\n\t\t\t\t<div class=\"elementor-widget-container\">\n\t\t\t\t\t\t\t\t\t<p data-start=\"825\" data-end=\"1045\"><strong data-start=\"828\" data-end=\"857\">1. Dere leverer innholdet<\/strong><br data-start=\"857\" data-end=\"860\" \/>Du sender oss ferdig tekst og bilder. V\u00e5rt team foretar en enkel spr\u00e5kvask og tilpasser artikkelen visuelt f\u00f8r publisering, i tr\u00e5d med v\u00e5re redaksjonelle og presseetiske retningslinjer.<\/p><p data-start=\"1047\" data-end=\"1256\"><strong data-start=\"1050\" data-end=\"1088\">2. Vi skriver for dere \u2013 med input<\/strong><br data-start=\"1088\" data-end=\"1091\" \/>Basert p\u00e5 utkast eller tilgjengelig materiale utarbeider vi teksten for dere. Dere leverer bilder, vi s\u00f8rger for resten \u2013 og dere godkjenner naturligvis f\u00f8r publisering.<\/p><p data-start=\"1258\" data-end=\"1546\"><strong data-start=\"1261\" data-end=\"1307\">3. Full produksjon fra id\u00e9 til publisering<\/strong><br data-start=\"1307\" data-end=\"1310\" \/>V\u00e5re medier\u00e5dgivere, tekstforfattere og fotografer tar ansvar for hele produksjonen \u2013 fra id\u00e9utvikling til ferdig annonseartikkel. Dette skjer i tett samarbeid med deg som oppdragsgiver. Korrekturrunder er inkludert.<\/p>\t\t\t\t\t\t\t\t<\/div>\n\t\t\t\t<\/div>\n\t\t\t\t<div class=\"elementor-element elementor-element-1392679 elementor-align-center elementor-widget elementor-widget-button\" data-id=\"1392679\" data-element_type=\"widget\" data-e-type=\"widget\" data-widget_type=\"button.default\">\n\t\t\t\t<div class=\"elementor-widget-container\">\n\t\t\t\t\t\t\t\t\t<div class=\"elementor-button-wrapper\">\n\t\t\t\t\t<a class=\"elementor-button elementor-button-link elementor-size-sm\" href=\"mailto:trine@ilaks.no\">\n\t\t\t\t\t\t<span class=\"elementor-button-content-wrapper\">\n\t\t\t\t\t\t\t\t\t<span class=\"elementor-button-text\">Sjekk tilgjengelige uker og pris<\/span>\n\t\t\t\t\t<\/span>\n\t\t\t\t\t<\/a>\n\t\t\t\t<\/div>\n\t\t\t\t\t\t\t\t<\/div>\n\t\t\t\t<\/div>\n\t\t\t\t\t<\/div>\n\t\t\t\t<\/div>\n\t\t<div class=\"elementor-element elementor-element-9ebad40 e-flex e-con-boxed e-con e-parent\" data-id=\"9ebad40\" data-element_type=\"container\" data-e-type=\"container\">\n\t\t\t\t\t<div class=\"e-con-inner\">\n\t\t\t\t<div class=\"elementor-element elementor-element-76ed537 elementor-widget elementor-widget-image\" data-id=\"76ed537\" data-element_type=\"widget\" data-e-type=\"widget\" data-widget_type=\"image.default\">\n\t\t\t\t<div class=\"elementor-widget-container\">\n\t\t\t\t\t\t\t\t\t\t\t\t<figure class=\"wp-caption\">\n\t\t\t\t\t\t\t\t\t\t<img loading=\"lazy\" decoding=\"async\" width=\"1024\" height=\"572\" src=\"https:\/\/ilaks.no\/Annons%C3%B8rinnhold\/wp-content\/uploads\/2025\/07\/Annonseartikkel-iLaks-5-1024x572.jpg\" class=\"attachment-large size-large wp-image-9478\" alt=\"\" srcset=\"https:\/\/ilaks.no\/Annons%C3%B8rinnhold\/wp-content\/uploads\/2025\/07\/Annonseartikkel-iLaks-5-1024x572.jpg 1024w, https:\/\/ilaks.no\/Annons%C3%B8rinnhold\/wp-content\/uploads\/2025\/07\/Annonseartikkel-iLaks-5-300x168.jpg 300w, https:\/\/ilaks.no\/Annons%C3%B8rinnhold\/wp-content\/uploads\/2025\/07\/Annonseartikkel-iLaks-5-768x429.jpg 768w, https:\/\/ilaks.no\/Annons%C3%B8rinnhold\/wp-content\/uploads\/2025\/07\/Annonseartikkel-iLaks-5-1536x858.jpg 1536w, https:\/\/ilaks.no\/Annons%C3%B8rinnhold\/wp-content\/uploads\/2025\/07\/Annonseartikkel-iLaks-5.jpg 1920w\" sizes=\"(max-width: 1024px) 100vw, 1024px\" \/>\t\t\t\t\t\t\t\t\t\t\t<figcaption class=\"widget-image-caption wp-caption-text\">Bilde: Adobe Stock<\/figcaption>\n\t\t\t\t\t\t\t\t\t\t<\/figure>\n\t\t\t\t\t\t\t\t\t<\/div>\n\t\t\t\t<\/div>\n\t\t\t\t<div class=\"elementor-element elementor-element-df4cbea elementor-widget elementor-widget-heading\" data-id=\"df4cbea\" data-element_type=\"widget\" data-e-type=\"widget\" data-widget_type=\"heading.default\">\n\t\t\t\t<div class=\"elementor-widget-container\">\n\t\t\t\t\t<h5 class=\"elementor-heading-title elementor-size-default\">Hva trenger vi fra deg?<\/h5>\t\t\t\t<\/div>\n\t\t\t\t<\/div>\n\t\t\t\t<div class=\"elementor-element elementor-element-4033cad elementor-widget elementor-widget-text-editor\" data-id=\"4033cad\" data-element_type=\"widget\" data-e-type=\"widget\" data-widget_type=\"text-editor.default\">\n\t\t\t\t<div class=\"elementor-widget-container\">\n\t\t\t\t\t\t\t\t\t<p data-start=\"825\" data-end=\"1045\">En annonseartikkel best\u00e5r av tekst og bilder eller videoer.<\/p><ul><li data-start=\"825\" data-end=\"1045\">Teksten kan v\u00e6re kort eller lang \u2013 vi tilpasser etter avtale.<\/li><li data-start=\"825\" data-end=\"1045\">Hovedbildet b\u00f8r v\u00e6re minst 1.500 piksler bredt (helst 1.920 px for beste kvalitet).<\/li><li data-start=\"825\" data-end=\"1045\">Video? Det er fullt mulig \u2013 maks 30 sekunder, MP4 eller MOV.<\/li><\/ul>\t\t\t\t\t\t\t\t<\/div>\n\t\t\t\t<\/div>\n\t\t\t\t\t<\/div>\n\t\t\t\t<\/div>\n\t\t<div class=\"elementor-element elementor-element-f980f0d e-con-full e-flex e-con e-parent\" data-id=\"f980f0d\" data-element_type=\"container\" data-e-type=\"container\" data-settings=\"{&quot;background_background&quot;:&quot;classic&quot;}\">\n\t\t<div class=\"elementor-element elementor-element-82f7af1 e-con-full e-flex e-con e-child\" data-id=\"82f7af1\" data-element_type=\"container\" data-e-type=\"container\" data-settings=\"{&quot;background_background&quot;:&quot;classic&quot;}\">\n\t\t<div class=\"elementor-element elementor-element-b6eea9b e-con-full e-flex e-con e-child\" data-id=\"b6eea9b\" data-element_type=\"container\" data-e-type=\"container\">\n\t\t\t\t<div class=\"elementor-element elementor-element-72db710 elementor-widget elementor-widget-video\" data-id=\"72db710\" data-element_type=\"widget\" data-e-type=\"widget\" data-settings=\"{&quot;video_type&quot;:&quot;hosted&quot;,&quot;controls&quot;:&quot;yes&quot;}\" data-widget_type=\"video.default\">\n\t\t\t\t<div class=\"elementor-widget-container\">\n\t\t\t\t\t\t\t<div class=\"e-hosted-video elementor-wrapper elementor-open-inline\">\n\t\t\t\t\t<video class=\"elementor-video\" src=\"https:\/\/ilaks.no\/Annons%C3%B8rinnhold\/wp-content\/uploads\/2025\/07\/Annonseartikkel-video.mp4\" controls=\"\" preload=\"metadata\" controlsList=\"nodownload\" poster=\"https:\/\/ilaks.no\/Annons%C3%B8rinnhold\/wp-content\/uploads\/2025\/07\/Video-fallback.webp\"><\/video>\n\t\t\t\t<\/div>\n\t\t\t\t\t\t<\/div>\n\t\t\t\t<\/div>\n\t\t\t\t<div class=\"elementor-element elementor-element-649c0ff elementor-widget elementor-widget-text-editor\" data-id=\"649c0ff\" data-element_type=\"widget\" data-e-type=\"widget\" data-widget_type=\"text-editor.default\">\n\t\t\t\t<div class=\"elementor-widget-container\">\n\t\t\t\t\t\t\t\t\t<p style=\"font-weight: 400;\"><strong data-start=\"608\" data-end=\"634\">Din uke \u2013 din historie<\/strong><\/p><p>Vi gir deg en eksklusiv uke der kun \u00e9n akt\u00f8r f\u00e5r plass. Det gir tydelighet og gjennomslag.<\/p>\t\t\t\t\t\t\t\t<\/div>\n\t\t\t\t<\/div>\n\t\t\t\t<\/div>\n\t\t\t\t<\/div>\n\t\t\t\t<\/div>\n\t\t<div class=\"elementor-element elementor-element-5add0f0 e-con-full qodef-elementor-content-grid e-flex e-con e-parent\" data-id=\"5add0f0\" data-element_type=\"container\" data-e-type=\"container\">\n\t\t<div class=\"elementor-element elementor-element-c0c2519 e-con-full e-flex e-con e-child\" data-id=\"c0c2519\" data-element_type=\"container\" data-e-type=\"container\">\n\t\t\t\t<div class=\"elementor-element elementor-element-33c5ae1 elementor-widget elementor-widget-text-editor\" data-id=\"33c5ae1\" data-element_type=\"widget\" data-e-type=\"widget\" data-widget_type=\"text-editor.default\">\n\t\t\t\t<div class=\"elementor-widget-container\">\n\t\t\t\t\t\t\t\t\t<h1 class=\"header\">Sp\u00f8rsm\u00e5l? Kontakt oss!<\/h1>\t\t\t\t\t\t\t\t<\/div>\n\t\t\t\t<\/div>\n\t\t\t\t<div class=\"elementor-element elementor-element-5781350 elementor-widget elementor-widget-lucrezia_core_button\" data-id=\"5781350\" data-element_type=\"widget\" data-e-type=\"widget\" data-widget_type=\"lucrezia_core_button.default\">\n\t\t\t\t<div class=\"elementor-widget-container\">\n\t\t\t\t\t<a class=\"qodef-shortcode qodef-m  qodef-button qodef-layout--filled  qodef-html--link\" href=\"mailto:trine@ilaks.no\" target=\"_blank\"  style=\"text-transform: none\">\n\t<span class=\"qodef-m-text\">Snakk med oss om muligheten<\/span>\n<\/a>\n\t\t\t\t<\/div>\n\t\t\t\t<\/div>\n\t\t\t\t<\/div>\n\t\t\t\t<\/div>\n\t\t\t\t<\/div>\n\t\t","protected":false},"excerpt":{"rendered":"<p>Video eller bilde ANNONSEARTIKKEL \u00a0 | Oppn\u00e5 synlighet, engasjement og varig inntrykk \u2013 med annonseartikkel p\u00e5 iLaks.no Annonseartikler p\u00e5 iLaks.no kombinerer redaksjonell form med kommersielt innhold \u2013 og gir deg muligheten til \u00e5 kommunisere med kraft og kvalitet. Med en annonseartikkel p\u00e5 iLaks.no f\u00e5r du muligheten til \u00e5 kommunisere direkte med en engasjert og beslutningsdyktig [&hellip;]<\/p>\n","protected":false},"author":1,"featured_media":0,"parent":0,"menu_order":0,"comment_status":"closed","ping_status":"closed","template":"page-full-width.php","meta":{"footnotes":""},"class_list":["post-9453","page","type-page","status-publish","hentry"],"_links":{"self":[{"href":"https:\/\/ilaks.no\/Annons%C3%B8rinnhold\/wp-json\/wp\/v2\/pages\/9453","targetHints":{"allow":["GET"]}}],"collection":[{"href":"https:\/\/ilaks.no\/Annons%C3%B8rinnhold\/wp-json\/wp\/v2\/pages"}],"about":[{"href":"https:\/\/ilaks.no\/Annons%C3%B8rinnhold\/wp-json\/wp\/v2\/types\/page"}],"author":[{"embeddable":true,"href":"https:\/\/ilaks.no\/Annons%C3%B8rinnhold\/wp-json\/wp\/v2\/users\/1"}],"replies":[{"embeddable":true,"href":"https:\/\/ilaks.no\/Annons%C3%B8rinnhold\/wp-json\/wp\/v2\/comments?post=9453"}],"version-history":[{"count":53,"href":"https:\/\/ilaks.no\/Annons%C3%B8rinnhold\/wp-json\/wp\/v2\/pages\/9453\/revisions"}],"predecessor-version":[{"id":9519,"href":"https:\/\/ilaks.no\/Annons%C3%B8rinnhold\/wp-json\/wp\/v2\/pages\/9453\/revisions\/9519"}],"wp:attachment":[{"href":"https:\/\/ilaks.no\/Annons%C3%B8rinnhold\/wp-json\/wp\/v2\/media?parent=9453"}],"curies":[{"name":"wp","href":"https:\/\/api.w.org\/{rel}","templated":true}]}}