{"id":10516,"date":"2026-04-15T09:12:20","date_gmt":"2026-04-15T07:12:20","guid":{"rendered":"https:\/\/ilaks.no\/Annons%C3%B8rinnhold\/?page_id=10516"},"modified":"2026-04-15T12:10:55","modified_gmt":"2026-04-15T10:10:55","slug":"kan-forsvinnet-reduseres","status":"publish","type":"page","link":"https:\/\/ilaks.no\/Annons%C3%B8rinnhold\/kan-forsvinnet-reduseres\/","title":{"rendered":"Kan f\u00f4rsvinnet reduseres?\u00a0"},"content":{"rendered":"\t\t<div data-elementor-type=\"wp-page\" data-elementor-id=\"10516\" class=\"elementor elementor-10516\" data-elementor-post-type=\"page\">\n\t\t\t\t<div class=\"elementor-element elementor-element-376efee e-con-full e-flex e-con e-parent\" data-id=\"376efee\" data-element_type=\"container\" data-e-type=\"container\" data-settings=\"{&quot;background_background&quot;:&quot;classic&quot;}\">\n\t\t\t\t<\/div>\n\t\t<div class=\"elementor-element elementor-element-f886282 e-flex e-con-boxed e-con e-parent\" data-id=\"f886282\" data-element_type=\"container\" data-e-type=\"container\">\n\t\t\t\t\t<div class=\"e-con-inner\">\n\t\t\t\t<div class=\"elementor-element elementor-element-7dad015 elementor-widget-mobile__width-initial elementor-widget__width-initial elementor-widget-tablet__width-initial elementor-widget elementor-widget-text-editor\" data-id=\"7dad015\" data-element_type=\"widget\" data-e-type=\"widget\" data-widget_type=\"text-editor.default\">\n\t\t\t\t<div class=\"elementor-widget-container\">\n\t\t\t\t\t\t\t\t\t<div><span lang=\"NO-BOK\">Fra operat\u00f8r til analytiker: AKVA observe gir f\u00f4reren bedre oversikt og beslutningsgrunnlag. <\/span><\/div>\t\t\t\t\t\t\t\t<\/div>\n\t\t\t\t<\/div>\n\t\t\t\t\t<\/div>\n\t\t\t\t<\/div>\n\t\t<div class=\"elementor-element elementor-element-633ce81 e-flex e-con-boxed e-con e-parent\" data-id=\"633ce81\" data-element_type=\"container\" data-e-type=\"container\">\n\t\t\t\t\t<div class=\"e-con-inner\">\n\t\t\t\t<div class=\"elementor-element elementor-element-af03723 elementor-widget-mobile__width-initial elementor-widget elementor-widget-text-editor\" data-id=\"af03723\" data-element_type=\"widget\" data-e-type=\"widget\" data-widget_type=\"text-editor.default\">\n\t\t\t\t<div class=\"elementor-widget-container\">\n\t\t\t\t\t\t\t\t\t<p>ANNONSEARTIKKEL <span class=\"Apple-converted-space\">\u00a0<\/span>|<\/p>\t\t\t\t\t\t\t\t<\/div>\n\t\t\t\t<\/div>\n\t\t\t\t<div class=\"elementor-element elementor-element-033eb88 elementor-widget__width-initial elementor-widget elementor-widget-image\" data-id=\"033eb88\" data-element_type=\"widget\" data-e-type=\"widget\" data-widget_type=\"image.default\">\n\t\t\t\t<div class=\"elementor-widget-container\">\n\t\t\t\t\t\t\t\t\t\t\t\t\t\t\t<img fetchpriority=\"high\" decoding=\"async\" width=\"386\" height=\"259\" src=\"https:\/\/ilaks.no\/Annons%C3%B8rinnhold\/wp-content\/uploads\/2025\/05\/AKVA_Group_Logo.webp\" class=\"attachment-large size-large wp-image-9254\" alt=\"\" srcset=\"https:\/\/ilaks.no\/Annons%C3%B8rinnhold\/wp-content\/uploads\/2025\/05\/AKVA_Group_Logo.webp 386w, https:\/\/ilaks.no\/Annons%C3%B8rinnhold\/wp-content\/uploads\/2025\/05\/AKVA_Group_Logo-300x201.webp 300w\" sizes=\"(max-width: 386px) 100vw, 386px\" \/>\t\t\t\t\t\t\t\t\t\t\t\t\t\t\t<\/div>\n\t\t\t\t<\/div>\n\t\t\t\t\t<\/div>\n\t\t\t\t<\/div>\n\t\t<div class=\"elementor-element elementor-element-a8022be e-flex e-con-boxed e-con e-parent\" data-id=\"a8022be\" data-element_type=\"container\" data-e-type=\"container\">\n\t\t\t\t\t<div class=\"e-con-inner\">\n\t\t<div class=\"elementor-element elementor-element-8869093 e-con-full e-flex e-con e-child\" data-id=\"8869093\" data-element_type=\"container\" data-e-type=\"container\">\n\t\t\t\t<div class=\"elementor-element elementor-element-845b56f elementor-widget elementor-widget-heading\" data-id=\"845b56f\" data-element_type=\"widget\" data-e-type=\"widget\" data-widget_type=\"heading.default\">\n\t\t\t\t<div class=\"elementor-widget-container\">\n\t\t\t\t\t<h3 class=\"elementor-heading-title elementor-size-default\">Kan f\u00f4rsvinnet reduseres?<\/h3>\t\t\t\t<\/div>\n\t\t\t\t<\/div>\n\t\t\t\t<div class=\"elementor-element elementor-element-a2cbd31 elementor-widget elementor-widget-text-editor\" data-id=\"a2cbd31\" data-element_type=\"widget\" data-e-type=\"widget\" data-widget_type=\"text-editor.default\">\n\t\t\t\t<div class=\"elementor-widget-container\">\n\t\t\t\t\t\t\t\t\t<p style=\"font-weight: 400;\">I oppdrett utgj\u00f8r f\u00f4ret fra 40 til over 50 % av kostnadene. Dermed f\u00e5r selv sm\u00e5 avvik store \u00f8konomiske konsekvenser. Samtidig vet vi at selv de beste f\u00f4rerne arbeider i et milj\u00f8 med s\u00e5 mange parallelle variabler at perfekt f\u00f4ring \u2013 hver gang \u2013 i praksis er umulig \u00e5 oppn\u00e5 med bare menneskelig observasjon. Finnes det et verkt\u00f8y som gj\u00f8r f\u00f4reren i stand til \u00e5 utf\u00f8re jobben perfekt, hver eneste dag?<\/p>\t\t\t\t\t\t\t\t<\/div>\n\t\t\t\t<\/div>\n\t\t\t\t<\/div>\n\t\t\t\t\t<\/div>\n\t\t\t\t<\/div>\n\t\t<div class=\"elementor-element elementor-element-bcf11f5 e-flex e-con-boxed e-con e-parent\" data-id=\"bcf11f5\" data-element_type=\"container\" data-e-type=\"container\">\n\t\t\t\t\t<div class=\"e-con-inner\">\n\t\t\t\t<div class=\"elementor-element elementor-element-9968950 elementor-widget elementor-widget-text-editor\" data-id=\"9968950\" data-element_type=\"widget\" data-e-type=\"widget\" data-widget_type=\"text-editor.default\">\n\t\t\t\t<div class=\"elementor-widget-container\">\n\t\t\t\t\t\t\t\t\t<div><strong><span lang=\"NO-BOK\">Beste praksis blir standard<\/span><\/strong><\/div>\t\t\t\t\t\t\t\t<\/div>\n\t\t\t\t<\/div>\n\t\t\t\t<div class=\"elementor-element elementor-element-e9c343b elementor-widget__width-inherit elementor-widget elementor-widget-text-editor\" data-id=\"e9c343b\" data-element_type=\"widget\" data-e-type=\"widget\" data-widget_type=\"text-editor.default\">\n\t\t\t\t<div class=\"elementor-widget-container\">\n\t\t\t\t\t\t\t\t\t<p style=\"font-weight: 400;\"><span lang=\"NO-BOK\">I AKVA group mener vi at svaret er ja \u2013 og n\u00e5 har vi ogs\u00e5 tallene som langt p\u00e5 vei gir oss rett: <\/span><\/p>\t\t\t\t\t\t\t\t<\/div>\n\t\t\t\t<\/div>\n\t\t\t\t<div class=\"elementor-element elementor-element-a1994d6 elementor-widget__width-inherit elementor-widget elementor-widget-text-editor\" data-id=\"a1994d6\" data-element_type=\"widget\" data-e-type=\"widget\" data-widget_type=\"text-editor.default\">\n\t\t\t\t<div class=\"elementor-widget-container\">\n\t\t\t\t\t\t\t\t\t<ul><li>AKVA observe er en AI-basert f\u00f4ringsassistent som analyserer video, sensordata, fiskeadferd og f\u00f4ringsdata, sier Ole Kristian Sivertsen, CEO Digital i AKVA group.<\/li><\/ul>\t\t\t\t\t\t\t\t<\/div>\n\t\t\t\t<\/div>\n\t\t\t\t<div class=\"elementor-element elementor-element-0d456f3 elementor-widget__width-inherit elementor-widget elementor-widget-text-editor\" data-id=\"0d456f3\" data-element_type=\"widget\" data-e-type=\"widget\" data-widget_type=\"text-editor.default\">\n\t\t\t\t<div class=\"elementor-widget-container\">\n\t\t\t\t\t\t\t\t\t<div><span lang=\"NO-BOK\">Han er full av begeistring for de gode resultatene som kommer inn fra anlegg som har tatt i bruk AKVA observe: \u2013 Reduserer du f\u00f4rsvinnet med en kvart pellet per fisk per dag, s\u00e5 har du tjent inn det som l\u00f8sningen koster. Alt du sparer ut over det, g\u00e5r direkte til bunnlinjen. Den kvarte pelleten tilsvarer en FCR-reduksjon p\u00e5 0,01 poeng, men flere av v\u00e5re kunder som allerede bruker AKVA observe kan vise til resultater p\u00e5 10 ganger s\u00e5 stor reduksjon, n\u00e6rmere 0,1 poeng. Her er det med andre ord muligheter for en sv\u00e6rt god gevinst. <\/span><\/div>\t\t\t\t\t\t\t\t<\/div>\n\t\t\t\t<\/div>\n\t\t\t\t<div class=\"elementor-element elementor-element-6084ae9 elementor-widget elementor-widget-image\" data-id=\"6084ae9\" data-element_type=\"widget\" data-e-type=\"widget\" data-widget_type=\"image.default\">\n\t\t\t\t<div class=\"elementor-widget-container\">\n\t\t\t\t\t\t\t\t\t\t\t\t\t\t\t<img decoding=\"async\" width=\"1024\" height=\"576\" src=\"https:\/\/ilaks.no\/Annons%C3%B8rinnhold\/wp-content\/uploads\/2026\/04\/AkvaGroup-Ole-Kristian-Sivertsen-1024x576.webp\" class=\"attachment-large size-large wp-image-10525\" alt=\"\" srcset=\"https:\/\/ilaks.no\/Annons%C3%B8rinnhold\/wp-content\/uploads\/2026\/04\/AkvaGroup-Ole-Kristian-Sivertsen-1024x576.webp 1024w, https:\/\/ilaks.no\/Annons%C3%B8rinnhold\/wp-content\/uploads\/2026\/04\/AkvaGroup-Ole-Kristian-Sivertsen-300x169.webp 300w, https:\/\/ilaks.no\/Annons%C3%B8rinnhold\/wp-content\/uploads\/2026\/04\/AkvaGroup-Ole-Kristian-Sivertsen-768x432.webp 768w, https:\/\/ilaks.no\/Annons%C3%B8rinnhold\/wp-content\/uploads\/2026\/04\/AkvaGroup-Ole-Kristian-Sivertsen-1536x864.webp 1536w, https:\/\/ilaks.no\/Annons%C3%B8rinnhold\/wp-content\/uploads\/2026\/04\/AkvaGroup-Ole-Kristian-Sivertsen.webp 1920w\" sizes=\"(max-width: 1024px) 100vw, 1024px\" \/>\t\t\t\t\t\t\t\t\t\t\t\t\t\t\t<\/div>\n\t\t\t\t<\/div>\n\t\t\t\t<div class=\"elementor-element elementor-element-3d6d430 elementor-widget__width-inherit elementor-widget elementor-widget-text-editor\" data-id=\"3d6d430\" data-element_type=\"widget\" data-e-type=\"widget\" data-widget_type=\"text-editor.default\">\n\t\t\t\t<div class=\"elementor-widget-container\">\n\t\t\t\t\t\t\t\t\t<p style=\"font-weight: 400;\"><em><span lang=\"NO-BOK\">Ole Kristian Sivertsen, CEO Digital i AKVA group, mener AI-basert beslutningsst\u00f8tte vil gj\u00f8re beste praksis til standard i f\u00f4ringen. Foto: AKVA group<\/span><\/em><\/p>\t\t\t\t\t\t\t\t<\/div>\n\t\t\t\t<\/div>\n\t\t\t\t<div class=\"elementor-element elementor-element-73f0309 elementor-widget__width-inherit elementor-widget elementor-widget-text-editor\" data-id=\"73f0309\" data-element_type=\"widget\" data-e-type=\"widget\" data-widget_type=\"text-editor.default\">\n\t\t\t\t<div class=\"elementor-widget-container\">\n\t\t\t\t\t\t\t\t\t<div><p><span lang=\"NO-BOK\">Han forklarer: \u2013 Systemet filtrerer bort st\u00f8y, tolker fiskens atferd, appetittfaktor, og registrerer pellets i vannet. Basert p\u00e5 dette gir det operative anbefalinger til f\u00f4reren i sanntid. Resultatet er at beste praksis blir standard \u2013 uavhengig av hvem som er p\u00e5 jobb, hvor mange merder som skal f\u00f8lges opp samtidig eller hvor lenge det er siden forrige kaffepause. For f\u00f4reren betyr det i praksis en digital assistent som gj\u00f8r det lettere \u00e5 f\u00f8lge med overalt hele tiden. Samtidig kan AKVA observe h\u00e5ndtere en rekke rutineoppgaver som ellers ville tatt tid og oppmerksomhet. Dermed kan f\u00f4reren bruke mer tid p\u00e5 det som faktisk krever fagkompetanse: Tolke biologien, ta kritiske beslutninger og sikre god fiskevelferd. <\/span><\/p><\/div>\t\t\t\t\t\t\t\t<\/div>\n\t\t\t\t<\/div>\n\t\t<div class=\"elementor-element elementor-element-1785b0c e-con-full e-flex e-con e-child\" data-id=\"1785b0c\" data-element_type=\"container\" data-e-type=\"container\">\n\t\t<div class=\"elementor-element elementor-element-9d4f494 e-con-full e-flex e-con e-child\" data-id=\"9d4f494\" data-element_type=\"container\" data-e-type=\"container\">\n\t\t\t\t<div class=\"elementor-element elementor-element-fe4f048 elementor-widget__width-initial elementor-widget elementor-widget-text-editor\" data-id=\"fe4f048\" data-element_type=\"widget\" data-e-type=\"widget\" data-widget_type=\"text-editor.default\">\n\t\t\t\t<div class=\"elementor-widget-container\">\n\t\t\t\t\t\t\t\t\t<p><span lang=\"NO-BOK\">Fra raske runder til jevne prestasjoner: Hvordan gj\u00f8re optimal f\u00f4ringsprestasjon repeterbar<\/span><\/p>\t\t\t\t\t\t\t\t<\/div>\n\t\t\t\t<\/div>\n\t\t\t\t<div class=\"elementor-element elementor-element-eb82b51 elementor-widget__width-initial elementor-widget elementor-widget-text-editor\" data-id=\"eb82b51\" data-element_type=\"widget\" data-e-type=\"widget\" data-widget_type=\"text-editor.default\">\n\t\t\t\t<div class=\"elementor-widget-container\">\n\t\t\t\t\t\t\t\t\t<p><span lang=\"NO-BOK\">Gratis webinar om AKVA observe 30. april 12.00-12.45<\/span><\/p>\t\t\t\t\t\t\t\t<\/div>\n\t\t\t\t<\/div>\n\t\t\t\t<div class=\"elementor-element elementor-element-63b9b87 elementor-align-center elementor-widget elementor-widget-button\" data-id=\"63b9b87\" data-element_type=\"widget\" data-e-type=\"widget\" data-widget_type=\"button.default\">\n\t\t\t\t<div class=\"elementor-widget-container\">\n\t\t\t\t\t\t\t\t\t<div class=\"elementor-button-wrapper\">\n\t\t\t\t\t<a class=\"elementor-button elementor-button-link elementor-size-sm\" href=\"https:\/\/hubs.ly\/Q04bX4zV0\" target=\"_blank\">\n\t\t\t\t\t\t<span class=\"elementor-button-content-wrapper\">\n\t\t\t\t\t\t\t\t\t<span class=\"elementor-button-text\">P\u00e5melding<\/span>\n\t\t\t\t\t<\/span>\n\t\t\t\t\t<\/a>\n\t\t\t\t<\/div>\n\t\t\t\t\t\t\t\t<\/div>\n\t\t\t\t<\/div>\n\t\t\t\t<\/div>\n\t\t\t\t<\/div>\n\t\t\t\t<div class=\"elementor-element elementor-element-a4aed44 elementor-widget elementor-widget-text-editor\" data-id=\"a4aed44\" data-element_type=\"widget\" data-e-type=\"widget\" data-widget_type=\"text-editor.default\">\n\t\t\t\t<div class=\"elementor-widget-container\">\n\t\t\t\t\t\t\t\t\t<p><strong>Fra operat\u00f8r til analytiker<\/strong><\/p>\t\t\t\t\t\t\t\t<\/div>\n\t\t\t\t<\/div>\n\t\t\t\t<div class=\"elementor-element elementor-element-3ae64fa elementor-widget__width-inherit elementor-widget elementor-widget-text-editor\" data-id=\"3ae64fa\" data-element_type=\"widget\" data-e-type=\"widget\" data-widget_type=\"text-editor.default\">\n\t\t\t\t<div class=\"elementor-widget-container\">\n\t\t\t\t\t\t\t\t\t<p style=\"font-weight: 400;\">Ole Kristian er tydelig p\u00e5 at AKVA observe er et viktig st\u00f8tteverkt\u00f8y: \u2013 Selv om teknologien er avansert, er ikke m\u00e5let \u00e5 erstatte mennesker. Oppdrett er biologi \u2013 og biologien trenger fortsatt mennesker. AKVA observe er ikke utviklet for \u00e5 gj\u00f8re anleggene til automatiserte fabrikker. Tvert imot. M\u00e5let er \u00e5 frigj\u00f8re kapasitet hos de som kan faget best. N\u00e5r systemet tar seg av rutineoppgaver, overv\u00e5king og analyse, kan f\u00f4reren i st\u00f8rre grad g\u00e5 fra \u00e5 v\u00e6re operat\u00f8r til \u00e5 bli analytiker og beslutningstaker. Det gj\u00f8r fagfolkene enda bedre i jobben sin, sier han.<\/p>\t\t\t\t\t\t\t\t<\/div>\n\t\t\t\t<\/div>\n\t\t\t\t<div class=\"elementor-element elementor-element-271214e elementor-widget elementor-widget-image\" data-id=\"271214e\" data-element_type=\"widget\" data-e-type=\"widget\" data-widget_type=\"image.default\">\n\t\t\t\t<div class=\"elementor-widget-container\">\n\t\t\t\t\t\t\t\t\t\t\t\t\t\t\t<img decoding=\"async\" width=\"866\" height=\"1024\" src=\"https:\/\/ilaks.no\/Annons%C3%B8rinnhold\/wp-content\/uploads\/2026\/04\/AkvaGroup-Kan-forsvinnet-reduseres-2-866x1024.webp\" class=\"attachment-large size-large wp-image-10541\" alt=\"\" srcset=\"https:\/\/ilaks.no\/Annons%C3%B8rinnhold\/wp-content\/uploads\/2026\/04\/AkvaGroup-Kan-forsvinnet-reduseres-2-866x1024.webp 866w, https:\/\/ilaks.no\/Annons%C3%B8rinnhold\/wp-content\/uploads\/2026\/04\/AkvaGroup-Kan-forsvinnet-reduseres-2-254x300.webp 254w, https:\/\/ilaks.no\/Annons%C3%B8rinnhold\/wp-content\/uploads\/2026\/04\/AkvaGroup-Kan-forsvinnet-reduseres-2-768x908.webp 768w, https:\/\/ilaks.no\/Annons%C3%B8rinnhold\/wp-content\/uploads\/2026\/04\/AkvaGroup-Kan-forsvinnet-reduseres-2-1300x1536.webp 1300w, https:\/\/ilaks.no\/Annons%C3%B8rinnhold\/wp-content\/uploads\/2026\/04\/AkvaGroup-Kan-forsvinnet-reduseres-2.webp 1625w\" sizes=\"(max-width: 866px) 100vw, 866px\" \/>\t\t\t\t\t\t\t\t\t\t\t\t\t\t\t<\/div>\n\t\t\t\t<\/div>\n\t\t\t\t<div class=\"elementor-element elementor-element-b114cf2 elementor-widget__width-inherit elementor-widget elementor-widget-text-editor\" data-id=\"b114cf2\" data-element_type=\"widget\" data-e-type=\"widget\" data-widget_type=\"text-editor.default\">\n\t\t\t\t<div class=\"elementor-widget-container\">\n\t\t\t\t\t\t\t\t\t<p style=\"font-weight: 400;\"><em>Systemet kombinerer videoanalyse, sensordata og f\u00f4ringsdata for \u00e5 gi operative anbefalinger. Foto: AKVA group<\/em><\/p>\t\t\t\t\t\t\t\t<\/div>\n\t\t\t\t<\/div>\n\t\t\t\t<div class=\"elementor-element elementor-element-1b041da elementor-widget__width-inherit elementor-widget elementor-widget-text-editor\" data-id=\"1b041da\" data-element_type=\"widget\" data-e-type=\"widget\" data-widget_type=\"text-editor.default\">\n\t\t\t\t<div class=\"elementor-widget-container\">\n\t\t\t\t\t\t\t\t\t<p style=\"font-weight: 400;\">AKVA observe leveres i tre niv\u00e5er \u2013 Toppsystem, KI-assistanse og Co-pilot \u2013 tilpasset ulike behov for analyse og automatisering.<\/p>\t\t\t\t\t\t\t\t<\/div>\n\t\t\t\t<\/div>\n\t\t\t\t<div class=\"elementor-element elementor-element-dcbef94 elementor-widget elementor-widget-text-editor\" data-id=\"dcbef94\" data-element_type=\"widget\" data-e-type=\"widget\" data-widget_type=\"text-editor.default\">\n\t\t\t\t<div class=\"elementor-widget-container\">\n\t\t\t\t\t\t\t\t\t<div><p><strong><span lang=\"NO-BOK\">Godt samarbeid \u2013 enkelt \u00e5 bruke<\/span><\/strong><\/p><\/div>\t\t\t\t\t\t\t\t<\/div>\n\t\t\t\t<\/div>\n\t\t\t\t<div class=\"elementor-element elementor-element-caf66ef elementor-widget__width-inherit elementor-widget elementor-widget-text-editor\" data-id=\"caf66ef\" data-element_type=\"widget\" data-e-type=\"widget\" data-widget_type=\"text-editor.default\">\n\t\t\t\t<div class=\"elementor-widget-container\">\n\t\t\t\t\t\t\t\t\t<p style=\"font-weight: 400;\">I AKVA group har vi lang erfaring med \u00e5 utvikle l\u00f8sninger som blir standard i bransjen.<\/p><p style=\"font-weight: 400;\">En viktig grunn til det er at vi samarbeider tett med oppdretterne. Dette gjelder ogs\u00e5 i utviklingen av AKVA observe. I dag brukes AKVA observe p\u00e5 mer enn 170 lokaliteter internasjonalt. N\u00e5 st\u00e5r Norge for tur, og i skrivende stund samarbeider vi tett med en st\u00f8rre akt\u00f8r for \u00e5 tilpasse den norske versjonen av AKVA observe.<\/p><p style=\"font-weight: 400;\">\u00a0<\/p><p style=\"font-weight: 400;\">AKVA observe er f\u00f8rst og fremst en software-l\u00f8sning. Systemet krever minimal ekstra hardware og kan enkelt integreres med eksisterende kameraer og systemer. L\u00f8sningen leveres som abonnement per lokalitet, og koster like mye om du har 1, 2 eller 10 merder. Siden ulike oppdrettere har ulik f\u00f4ringspraksis, er det vanskelig \u00e5 v\u00e6re helt n\u00f8yaktig p\u00e5 pris uten \u00e5 ha regnet spesifikt p\u00e5 ditt anlegg, men, som du vet \u2013 en kvart pellet her og en kvart pellet der, det blir fort penger av s\u00e5nt!<\/p>\t\t\t\t\t\t\t\t<\/div>\n\t\t\t\t<\/div>\n\t\t\t\t\t<\/div>\n\t\t\t\t<\/div>\n\t\t<div class=\"elementor-element elementor-element-e145e85 e-con-full e-flex e-con e-parent\" data-id=\"e145e85\" data-element_type=\"container\" data-e-type=\"container\">\n\t\t<div class=\"elementor-element elementor-element-b892fc2 e-con-full e-flex e-con e-child\" data-id=\"b892fc2\" data-element_type=\"container\" data-e-type=\"container\" data-settings=\"{&quot;background_background&quot;:&quot;classic&quot;}\">\n\t\t<div class=\"elementor-element elementor-element-81e85d2 e-con-full e-flex e-con e-child\" data-id=\"81e85d2\" data-element_type=\"container\" data-e-type=\"container\">\n\t\t\t\t<div class=\"elementor-element elementor-element-6bebf61 elementor-widget__width-inherit elementor-widget elementor-widget-text-editor\" data-id=\"6bebf61\" data-element_type=\"widget\" data-e-type=\"widget\" data-widget_type=\"text-editor.default\">\n\t\t\t\t<div class=\"elementor-widget-container\">\n\t\t\t\t\t\t\t\t\t<h4><span lang=\"NO-BOK\">Vil du se hvordan AKVA observe kan brukes p\u00e5 ditt anlegg?<\/span><\/h4>\t\t\t\t\t\t\t\t<\/div>\n\t\t\t\t<\/div>\n\t\t\t\t<div class=\"elementor-element elementor-element-713e970 elementor-widget elementor-widget-lucrezia_core_button\" data-id=\"713e970\" data-element_type=\"widget\" data-e-type=\"widget\" data-widget_type=\"lucrezia_core_button.default\">\n\t\t\t\t<div class=\"elementor-widget-container\">\n\t\t\t\t\t<a class=\"qodef-shortcode qodef-m  qodef-button qodef-layout--filled qodef-size--large qodef-html--link\" href=\"mailto:KSaether@akvagroup.com?subject=Bestill%20en%20demo\" target=\"_blank\"  style=\"text-transform: uppercase\">\n\t<span class=\"qodef-m-text\">Bestill en demo<\/span>\n<\/a>\n\t\t\t\t<\/div>\n\t\t\t\t<\/div>\n\t\t\t\t<\/div>\n\t\t\t\t<\/div>\n\t\t\t\t<\/div>\n\t\t\t\t<\/div>\n\t\t","protected":false},"excerpt":{"rendered":"<p>Fra operat\u00f8r til analytiker: AKVA observe gir f\u00f4reren bedre oversikt og beslutningsgrunnlag. ANNONSEARTIKKEL \u00a0| Kan f\u00f4rsvinnet reduseres? I oppdrett utgj\u00f8r f\u00f4ret fra 40 til over 50 % av kostnadene. Dermed f\u00e5r selv sm\u00e5 avvik store \u00f8konomiske konsekvenser. Samtidig vet vi at selv de beste f\u00f4rerne arbeider i et milj\u00f8 med s\u00e5 mange parallelle variabler at [&hellip;]<\/p>\n","protected":false},"author":1,"featured_media":0,"parent":0,"menu_order":0,"comment_status":"closed","ping_status":"closed","template":"page-full-width.php","meta":{"footnotes":""},"class_list":["post-10516","page","type-page","status-publish","hentry"],"_links":{"self":[{"href":"https:\/\/ilaks.no\/Annons%C3%B8rinnhold\/wp-json\/wp\/v2\/pages\/10516","targetHints":{"allow":["GET"]}}],"collection":[{"href":"https:\/\/ilaks.no\/Annons%C3%B8rinnhold\/wp-json\/wp\/v2\/pages"}],"about":[{"href":"https:\/\/ilaks.no\/Annons%C3%B8rinnhold\/wp-json\/wp\/v2\/types\/page"}],"author":[{"embeddable":true,"href":"https:\/\/ilaks.no\/Annons%C3%B8rinnhold\/wp-json\/wp\/v2\/users\/1"}],"replies":[{"embeddable":true,"href":"https:\/\/ilaks.no\/Annons%C3%B8rinnhold\/wp-json\/wp\/v2\/comments?post=10516"}],"version-history":[{"count":96,"href":"https:\/\/ilaks.no\/Annons%C3%B8rinnhold\/wp-json\/wp\/v2\/pages\/10516\/revisions"}],"predecessor-version":[{"id":10618,"href":"https:\/\/ilaks.no\/Annons%C3%B8rinnhold\/wp-json\/wp\/v2\/pages\/10516\/revisions\/10618"}],"wp:attachment":[{"href":"https:\/\/ilaks.no\/Annons%C3%B8rinnhold\/wp-json\/wp\/v2\/media?parent=10516"}],"curies":[{"name":"wp","href":"https:\/\/api.w.org\/{rel}","templated":true}]}}