{"id":10227,"date":"2026-02-26T11:23:43","date_gmt":"2026-02-26T10:23:43","guid":{"rendered":"https:\/\/ilaks.no\/Annons%C3%B8rinnhold\/?page_id=10227"},"modified":"2026-02-26T15:14:06","modified_gmt":"2026-02-26T14:14:06","slug":"spar-tid-og-millioner","status":"publish","type":"page","link":"https:\/\/ilaks.no\/Annons%C3%B8rinnhold\/spar-tid-og-millioner\/","title":{"rendered":"Spar tid og millioner"},"content":{"rendered":"\t\t<div data-elementor-type=\"wp-page\" data-elementor-id=\"10227\" class=\"elementor elementor-10227\" data-elementor-post-type=\"page\">\n\t\t\t\t<div class=\"elementor-element elementor-element-376efee e-con-full e-flex e-con e-parent\" data-id=\"376efee\" data-element_type=\"container\" data-e-type=\"container\" data-settings=\"{&quot;background_background&quot;:&quot;classic&quot;}\">\n\t\t\t\t<\/div>\n\t\t<div class=\"elementor-element elementor-element-f886282 e-flex e-con-boxed e-con e-parent\" data-id=\"f886282\" data-element_type=\"container\" data-e-type=\"container\">\n\t\t\t\t\t<div class=\"e-con-inner\">\n\t\t\t\t<div class=\"elementor-element elementor-element-7dad015 elementor-widget-mobile__width-initial elementor-widget__width-initial elementor-widget-tablet__width-initial elementor-hidden-desktop elementor-hidden-tablet elementor-hidden-mobile elementor-widget elementor-widget-text-editor\" data-id=\"7dad015\" data-element_type=\"widget\" data-e-type=\"widget\" data-widget_type=\"text-editor.default\">\n\t\t\t\t<div class=\"elementor-widget-container\">\n\t\t\t\t\t\t\t\t\t<div><span lang=\"NO-BOK\">Tronn-Ove \u00d8ren, prosjektleder utvikling i Sinkaberg (venstre) og prosjektleder Trym Eidsnes i Framo (h\u00f8yre). Foto: Framo AS<\/span><\/div>\t\t\t\t\t\t\t\t<\/div>\n\t\t\t\t<\/div>\n\t\t\t\t\t<\/div>\n\t\t\t\t<\/div>\n\t\t<div class=\"elementor-element elementor-element-633ce81 e-flex e-con-boxed e-con e-parent\" data-id=\"633ce81\" data-element_type=\"container\" data-e-type=\"container\">\n\t\t\t\t\t<div class=\"e-con-inner\">\n\t\t\t\t<div class=\"elementor-element elementor-element-af03723 elementor-widget-mobile__width-initial elementor-widget elementor-widget-text-editor\" data-id=\"af03723\" data-element_type=\"widget\" data-e-type=\"widget\" data-widget_type=\"text-editor.default\">\n\t\t\t\t<div class=\"elementor-widget-container\">\n\t\t\t\t\t\t\t\t\t<p>ANNONSEARTIKKEL <span class=\"Apple-converted-space\">\u00a0<\/span>|<\/p>\t\t\t\t\t\t\t\t<\/div>\n\t\t\t\t<\/div>\n\t\t\t\t<div class=\"elementor-element elementor-element-033eb88 elementor-widget__width-initial elementor-widget elementor-widget-image\" data-id=\"033eb88\" data-element_type=\"widget\" data-e-type=\"widget\" data-widget_type=\"image.default\">\n\t\t\t\t<div class=\"elementor-widget-container\">\n\t\t\t\t\t\t\t\t\t\t\t\t\t\t\t<img decoding=\"async\" width=\"400\" height=\"91\" src=\"https:\/\/ilaks.no\/Annons%C3%B8rinnhold\/wp-content\/uploads\/2026\/02\/JM-Hansen-logo-1.webp\" class=\"attachment-large size-large wp-image-10232\" alt=\"\" srcset=\"https:\/\/ilaks.no\/Annons%C3%B8rinnhold\/wp-content\/uploads\/2026\/02\/JM-Hansen-logo-1.webp 400w, https:\/\/ilaks.no\/Annons%C3%B8rinnhold\/wp-content\/uploads\/2026\/02\/JM-Hansen-logo-1-300x68.webp 300w\" sizes=\"(max-width: 400px) 100vw, 400px\" \/>\t\t\t\t\t\t\t\t\t\t\t\t\t\t\t<\/div>\n\t\t\t\t<\/div>\n\t\t\t\t<div class=\"elementor-element elementor-element-789067d elementor-widget__width-initial elementor-widget elementor-widget-image\" data-id=\"789067d\" data-element_type=\"widget\" data-e-type=\"widget\" data-widget_type=\"image.default\">\n\t\t\t\t<div class=\"elementor-widget-container\">\n\t\t\t\t\t\t\t\t\t\t\t\t\t\t\t<img decoding=\"async\" width=\"250\" height=\"119\" src=\"https:\/\/ilaks.no\/Annons%C3%B8rinnhold\/wp-content\/uploads\/2026\/02\/Nord-Trondelag_Elektrisistetesverk_logo.svg.webp\" class=\"attachment-large size-large wp-image-10242\" alt=\"\" \/>\t\t\t\t\t\t\t\t\t\t\t\t\t\t\t<\/div>\n\t\t\t\t<\/div>\n\t\t\t\t\t<\/div>\n\t\t\t\t<\/div>\n\t\t<div class=\"elementor-element elementor-element-a8022be e-flex e-con-boxed e-con e-parent\" data-id=\"a8022be\" data-element_type=\"container\" data-e-type=\"container\">\n\t\t\t\t\t<div class=\"e-con-inner\">\n\t\t<div class=\"elementor-element elementor-element-8869093 e-con-full e-flex e-con e-child\" data-id=\"8869093\" data-element_type=\"container\" data-e-type=\"container\">\n\t\t\t\t<div class=\"elementor-element elementor-element-845b56f elementor-widget elementor-widget-heading\" data-id=\"845b56f\" data-element_type=\"widget\" data-e-type=\"widget\" data-widget_type=\"heading.default\">\n\t\t\t\t<div class=\"elementor-widget-container\">\n\t\t\t\t\t<h3 class=\"elementor-heading-title elementor-size-default\">Spar tid og millioner<\/h3>\t\t\t\t<\/div>\n\t\t\t\t<\/div>\n\t\t\t\t<div class=\"elementor-element elementor-element-a2cbd31 elementor-widget elementor-widget-text-editor\" data-id=\"a2cbd31\" data-element_type=\"widget\" data-e-type=\"widget\" data-widget_type=\"text-editor.default\">\n\t\t\t\t<div class=\"elementor-widget-container\">\n\t\t\t\t\t\t\t\t\t<p style=\"font-weight: 400;\"><strong>Skal dere automatisere, digitalisere og elektrifisere drifta? Da l\u00f8nner det seg \u00e5 sette sammen et godt lag!<\/strong><\/p><p style=\"font-weight: 400;\">\u2013 Vi vet at samarbeid er mye bedre enn solol\u00f8p, sier Kristian Haug Flakk, som er prosjektleder for havbruk i JM Hansen.<\/p>\t\t\t\t\t\t\t\t<\/div>\n\t\t\t\t<\/div>\n\t\t\t\t<\/div>\n\t\t\t\t\t<\/div>\n\t\t\t\t<\/div>\n\t\t<div class=\"elementor-element elementor-element-bcf11f5 e-flex e-con-boxed e-con e-parent\" data-id=\"bcf11f5\" data-element_type=\"container\" data-e-type=\"container\">\n\t\t\t\t\t<div class=\"e-con-inner\">\n\t\t\t\t<div class=\"elementor-element elementor-element-8500bf3 elementor-widget elementor-widget-text-editor\" data-id=\"8500bf3\" data-element_type=\"widget\" data-e-type=\"widget\" data-widget_type=\"text-editor.default\">\n\t\t\t\t<div class=\"elementor-widget-container\">\n\t\t\t\t\t\t\t\t\t<p style=\"font-weight: 400;\"><strong>Beregn god tid<\/strong><\/p>\t\t\t\t\t\t\t\t<\/div>\n\t\t\t\t<\/div>\n\t\t<div class=\"elementor-element elementor-element-edfcc82 e-con-full e-flex e-con e-child\" data-id=\"edfcc82\" data-element_type=\"container\" data-e-type=\"container\">\n\t\t<div class=\"elementor-element elementor-element-4e0b0b3 e-grid e-con-full e-con e-child\" data-id=\"4e0b0b3\" data-element_type=\"container\" data-e-type=\"container\">\n\t\t\t\t<div class=\"elementor-element elementor-element-b2da769 elementor-widget__width-initial elementor-widget-tablet__width-initial elementor-widget elementor-widget-text-editor\" data-id=\"b2da769\" data-element_type=\"widget\" data-e-type=\"widget\" data-widget_type=\"text-editor.default\">\n\t\t\t\t<div class=\"elementor-widget-container\">\n\t\t\t\t\t\t\t\t\t<p style=\"font-weight: 400;\">Selv om omtrent halvparten av norske oppdrettsanlegg allerede er koblet til landstr\u00f8m gjennom sj\u00f8kabler, er det mange som enn\u00e5 ikke har erstattet dieselaggregatene &#8211; til tross for alle fordelene ved elektrifisering:\u00a0<\/p><ul><li>Reduserte energiutgifter<\/li><li>Lavere CO2-utslipp<\/li><li>Lengre levetid p\u00e5 fl\u00e5ter og fart\u00f8y<\/li><li>Bedre arbeidsmilj\u00f8<\/li><li>Fiber via sj\u00f8kabel<\/li><\/ul>\t\t\t\t\t\t\t\t<\/div>\n\t\t\t\t<\/div>\n\t\t\t\t<div class=\"elementor-element elementor-element-9902825 elementor-widget__width-inherit elementor-widget elementor-widget-text-editor\" data-id=\"9902825\" data-element_type=\"widget\" data-e-type=\"widget\" data-widget_type=\"text-editor.default\">\n\t\t\t\t<div class=\"elementor-widget-container\">\n\t\t\t\t\t\t\t\t\t<ul><li>Vi har hjulpet mange med elektrifisering av fart\u00f8y og lokaliteter, og de har alle hatt stor gevinst av investeringen, sier Kristian. \u2013 Er det \u00e9n ting vi har erfart, er det dette: N\u00f8kkelen til suksess er god planlegging.<\/li><\/ul>\t\t\t\t\t\t\t\t<\/div>\n\t\t\t\t<\/div>\n\t\t\t\t<\/div>\n\t\t<div class=\"elementor-element elementor-element-54588e2 e-grid e-con-full e-con e-child\" data-id=\"54588e2\" data-element_type=\"container\" data-e-type=\"container\">\n\t\t\t\t<div class=\"elementor-element elementor-element-2428cb6 elementor-widget__width-initial elementor-widget elementor-widget-image\" data-id=\"2428cb6\" data-element_type=\"widget\" data-e-type=\"widget\" data-widget_type=\"image.default\">\n\t\t\t\t<div class=\"elementor-widget-container\">\n\t\t\t\t\t\t\t\t\t\t\t\t<figure class=\"wp-caption\">\n\t\t\t\t\t\t\t\t\t\t<img fetchpriority=\"high\" decoding=\"async\" width=\"800\" height=\"800\" src=\"https:\/\/ilaks.no\/Annons%C3%B8rinnhold\/wp-content\/uploads\/2026\/02\/NTE-2.webp\" class=\"attachment-large size-large wp-image-10250\" alt=\"\" srcset=\"https:\/\/ilaks.no\/Annons%C3%B8rinnhold\/wp-content\/uploads\/2026\/02\/NTE-2.webp 800w, https:\/\/ilaks.no\/Annons%C3%B8rinnhold\/wp-content\/uploads\/2026\/02\/NTE-2-300x300.webp 300w, https:\/\/ilaks.no\/Annons%C3%B8rinnhold\/wp-content\/uploads\/2026\/02\/NTE-2-150x150.webp 150w, https:\/\/ilaks.no\/Annons%C3%B8rinnhold\/wp-content\/uploads\/2026\/02\/NTE-2-768x768.webp 768w, https:\/\/ilaks.no\/Annons%C3%B8rinnhold\/wp-content\/uploads\/2026\/02\/NTE-2-650x650.webp 650w\" sizes=\"(max-width: 800px) 100vw, 800px\" \/>\t\t\t\t\t\t\t\t\t\t\t<figcaption class=\"widget-image-caption wp-caption-text\">Kristian Haug Flakk<\/figcaption>\n\t\t\t\t\t\t\t\t\t\t<\/figure>\n\t\t\t\t\t\t\t\t\t<\/div>\n\t\t\t\t<\/div>\n\t\t\t\t<\/div>\n\t\t\t\t<\/div>\n\t\t\t\t<div class=\"elementor-element elementor-element-0c753e0 elementor-widget__width-inherit elementor-widget elementor-widget-text-editor\" data-id=\"0c753e0\" data-element_type=\"widget\" data-e-type=\"widget\" data-widget_type=\"text-editor.default\">\n\t\t\t\t<div class=\"elementor-widget-container\">\n\t\t\t\t\t\t\t\t\t<p style=\"font-weight: 400;\">Elektrifisering krever at du har oversikt over tekniske l\u00f8sninger, konsesjonskrav og et regelverk som endres jevnlig. Mangelfull planlegging og dokumentasjon f\u00f8rer ofte til forsinkelser og merkostnader. Derfor l\u00f8nner det seg \u00e5 ha med erfarne fagfolk tidlig i prosessen \u2013 slik at prosjektet oppfyller alle myndighetskrav.<\/p>\t\t\t\t\t\t\t\t<\/div>\n\t\t\t\t<\/div>\n\t\t\t\t<div class=\"elementor-element elementor-element-b729ede elementor-widget__width-inherit elementor-widget elementor-widget-text-editor\" data-id=\"b729ede\" data-element_type=\"widget\" data-e-type=\"widget\" data-widget_type=\"text-editor.default\">\n\t\t\t\t<div class=\"elementor-widget-container\">\n\t\t\t\t\t\t\t\t\t<ul><li style=\"font-weight: 400;\">Det er et langt lerret \u00e5 bleke, sier Kristian. \u2013 Det er helt vanlig \u00e5 bruke b\u00e5de ett og to \u00e5r fra start til slutt.<\/li><\/ul>\t\t\t\t\t\t\t\t<\/div>\n\t\t\t\t<\/div>\n\t\t\t\t<div class=\"elementor-element elementor-element-9e32970 elementor-widget__width-inherit elementor-widget elementor-widget-text-editor\" data-id=\"9e32970\" data-element_type=\"widget\" data-e-type=\"widget\" data-widget_type=\"text-editor.default\">\n\t\t\t\t<div class=\"elementor-widget-container\">\n\t\t\t\t\t\t\t\t\t<p style=\"font-weight: 400;\">Fagfolka i JM Hansen vil gjerne komme inn i prosessen s\u00e5 tidlig som mulig. Tidlig involvering gir bedre oversikt over kostnader, tekniske l\u00f8sninger og fremdrift.<\/p>\t\t\t\t\t\t\t\t<\/div>\n\t\t\t\t<\/div>\n\t\t\t\t<div class=\"elementor-element elementor-element-c5e3faa elementor-widget__width-inherit elementor-widget elementor-widget-text-editor\" data-id=\"c5e3faa\" data-element_type=\"widget\" data-e-type=\"widget\" data-widget_type=\"text-editor.default\">\n\t\t\t\t<div class=\"elementor-widget-container\">\n\t\t\t\t\t\t\t\t\t<ul><li style=\"font-weight: 400;\">Vi kan gi realistiske kostnadsestimater slik at dere f\u00e5r et trygt beslutningsgrunnlag. Det skiller oss fra mange av de andre akt\u00f8rene i bransjen.<\/li><\/ul>\t\t\t\t\t\t\t\t<\/div>\n\t\t\t\t<\/div>\n\t\t\t\t<div class=\"elementor-element elementor-element-7667673 elementor-widget elementor-widget-image\" data-id=\"7667673\" data-element_type=\"widget\" data-e-type=\"widget\" data-widget_type=\"image.default\">\n\t\t\t\t<div class=\"elementor-widget-container\">\n\t\t\t\t\t\t\t\t\t\t\t\t\t\t\t<img loading=\"lazy\" decoding=\"async\" width=\"1024\" height=\"576\" src=\"https:\/\/ilaks.no\/Annons%C3%B8rinnhold\/wp-content\/uploads\/2026\/02\/NTE-3-1024x576.webp\" class=\"attachment-large size-large wp-image-10256\" alt=\"\" srcset=\"https:\/\/ilaks.no\/Annons%C3%B8rinnhold\/wp-content\/uploads\/2026\/02\/NTE-3-1024x576.webp 1024w, https:\/\/ilaks.no\/Annons%C3%B8rinnhold\/wp-content\/uploads\/2026\/02\/NTE-3-300x169.webp 300w, https:\/\/ilaks.no\/Annons%C3%B8rinnhold\/wp-content\/uploads\/2026\/02\/NTE-3-768x432.webp 768w, https:\/\/ilaks.no\/Annons%C3%B8rinnhold\/wp-content\/uploads\/2026\/02\/NTE-3-1536x864.webp 1536w, https:\/\/ilaks.no\/Annons%C3%B8rinnhold\/wp-content\/uploads\/2026\/02\/NTE-3.webp 1920w\" sizes=\"(max-width: 1024px) 100vw, 1024px\" \/>\t\t\t\t\t\t\t\t\t\t\t\t\t\t\t<\/div>\n\t\t\t\t<\/div>\n\t\t\t\t<div class=\"elementor-element elementor-element-1733b45 elementor-widget__width-inherit elementor-hidden-desktop elementor-hidden-tablet elementor-hidden-mobile elementor-widget elementor-widget-text-editor\" data-id=\"1733b45\" data-element_type=\"widget\" data-e-type=\"widget\" data-widget_type=\"text-editor.default\">\n\t\t\t\t<div class=\"elementor-widget-container\">\n\t\t\t\t\t\t\t\t\t<div><em><span lang=\"NO-BOK\">Framos fjernstyrte LiftUP-silkasse montert ute hos kunde. Foto: Trym Eidem Meihack<\/span><\/em><\/div>\t\t\t\t\t\t\t\t<\/div>\n\t\t\t\t<\/div>\n\t\t\t\t<div class=\"elementor-element elementor-element-28cb34d elementor-widget elementor-widget-text-editor\" data-id=\"28cb34d\" data-element_type=\"widget\" data-e-type=\"widget\" data-widget_type=\"text-editor.default\">\n\t\t\t\t<div class=\"elementor-widget-container\">\n\t\t\t\t\t\t\t\t\t<p style=\"font-weight: 400;\"><strong>N\u00e5 kan du f\u00e5 enda bedre hjelp<\/strong><\/p>\t\t\t\t\t\t\t\t<\/div>\n\t\t\t\t<\/div>\n\t\t\t\t<div class=\"elementor-element elementor-element-c02901f elementor-widget__width-inherit elementor-widget elementor-widget-text-editor\" data-id=\"c02901f\" data-element_type=\"widget\" data-e-type=\"widget\" data-widget_type=\"text-editor.default\">\n\t\t\t\t<div class=\"elementor-widget-container\">\n\t\t\t\t\t\t\t\t\t<ul><li style=\"font-weight: 400;\">Vi er bedre rigget til \u00e5 hjelpe dere enn noen gang, sier Nina Hansen. Hun er administrerende direkt\u00f8r i den familieeide elektroentrepren\u00f8ren JM Hansen, som har hovedkontor i Troms\u00f8.<\/li><\/ul>\t\t\t\t\t\t\t\t<\/div>\n\t\t\t\t<\/div>\n\t\t\t\t<div class=\"elementor-element elementor-element-24073ab elementor-widget__width-inherit elementor-widget elementor-widget-text-editor\" data-id=\"24073ab\" data-element_type=\"widget\" data-e-type=\"widget\" data-widget_type=\"text-editor.default\">\n\t\t\t\t<div class=\"elementor-widget-container\">\n\t\t\t\t\t\t\t\t\t<ol><li style=\"font-weight: 400;\">januar kj\u00f8pte JM Hansen tr\u00f8nderske NTE Elektro, inkludert Elcom. Etter oppkj\u00f8pet er JM Hansen en av landets st\u00f8rste norskeide elektroentrepren\u00f8rer.<\/li><\/ol>\t\t\t\t\t\t\t\t<\/div>\n\t\t\t\t<\/div>\n\t\t<div class=\"elementor-element elementor-element-c562d9b e-con-full e-flex e-con e-child\" data-id=\"c562d9b\" data-element_type=\"container\" data-e-type=\"container\">\n\t\t<div class=\"elementor-element elementor-element-307ee3d e-grid e-con-full e-con e-child\" data-id=\"307ee3d\" data-element_type=\"container\" data-e-type=\"container\">\n\t\t\t\t<div class=\"elementor-element elementor-element-59899e9 elementor-widget__width-inherit elementor-widget elementor-widget-text-editor\" data-id=\"59899e9\" data-element_type=\"widget\" data-e-type=\"widget\" data-widget_type=\"text-editor.default\">\n\t\t\t\t<div class=\"elementor-widget-container\">\n\t\t\t\t\t\t\t\t\t<ul><li style=\"font-weight: 400;\">Oppkj\u00f8pet gir oss et enda sterkere fagmilj\u00f8 innen hav og kyst, sier Nina. \u2013 Vi f\u00e5r flere fagfolk p\u00e5 feltet. Det gir oss kapasitet til \u00e5 ta p\u00e5 oss st\u00f8rre og mer komplekse prosjekter i et st\u00f8rre geografisk omr\u00e5de.<\/li><\/ul>\t\t\t\t\t\t\t\t<\/div>\n\t\t\t\t<\/div>\n\t\t\t\t<div class=\"elementor-element elementor-element-5091ea2 elementor-widget__width-initial elementor-widget-tablet__width-initial elementor-widget elementor-widget-text-editor\" data-id=\"5091ea2\" data-element_type=\"widget\" data-e-type=\"widget\" data-widget_type=\"text-editor.default\">\n\t\t\t\t<div class=\"elementor-widget-container\">\n\t\t\t\t\t\t\t\t\t<p style=\"font-weight: 400;\">Og elektrifisering er bare \u00e9n av rettene p\u00e5 menyen til det nye selskapet. JM Hansen og NTE Elektro har ogs\u00e5 solid erfaring med automatisering og digitalisering av b\u00e5de fiskefl\u00e5ten og havbruksn\u00e6ringa, for eksempel gjennom<\/p><ul><li>Automasjon for autonom drift av f\u00f4rfl\u00e5ter<\/li><li>Fiber og digital infrastruktur p\u00e5 lokalitetene<\/li><li>Overv\u00e5kning av fl\u00e5ter og fart\u00f8y<\/li><\/ul>\t\t\t\t\t\t\t\t<\/div>\n\t\t\t\t<\/div>\n\t\t\t\t<div class=\"elementor-element elementor-element-4160903 elementor-widget__width-inherit elementor-widget elementor-widget-text-editor\" data-id=\"4160903\" data-element_type=\"widget\" data-e-type=\"widget\" data-widget_type=\"text-editor.default\">\n\t\t\t\t<div class=\"elementor-widget-container\">\n\t\t\t\t\t\t\t\t\t<ul><li><span lang=\"no\">Vi har v\u00e6rt med og prosjektert elektrifisering av merder over hele landet; langt til sj\u00f8s og p\u00e5 land; tradisjonelle, lukkede og nedsenkbare, sier Kristian. \u2013 Jeg er overbevist om at dere f\u00e5r en mer s\u00f8ml\u00f8s og kostnadseffektiv prosess med en akt\u00f8r som oss p\u00e5 laget. <\/span><\/li><\/ul>\t\t\t\t\t\t\t\t<\/div>\n\t\t\t\t<\/div>\n\t\t\t\t<\/div>\n\t\t<div class=\"elementor-element elementor-element-1857f6d e-grid e-con-full e-con e-child\" data-id=\"1857f6d\" data-element_type=\"container\" data-e-type=\"container\">\n\t\t\t\t<div class=\"elementor-element elementor-element-815ff3e elementor-widget__width-initial elementor-widget elementor-widget-image\" data-id=\"815ff3e\" data-element_type=\"widget\" data-e-type=\"widget\" data-widget_type=\"image.default\">\n\t\t\t\t<div class=\"elementor-widget-container\">\n\t\t\t\t\t\t\t\t\t\t\t\t<figure class=\"wp-caption\">\n\t\t\t\t\t\t\t\t\t\t<img loading=\"lazy\" decoding=\"async\" width=\"800\" height=\"800\" src=\"https:\/\/ilaks.no\/Annons%C3%B8rinnhold\/wp-content\/uploads\/2026\/02\/Nina-Hansen.webp\" class=\"attachment-large size-large wp-image-10255\" alt=\"\" srcset=\"https:\/\/ilaks.no\/Annons%C3%B8rinnhold\/wp-content\/uploads\/2026\/02\/Nina-Hansen.webp 800w, https:\/\/ilaks.no\/Annons%C3%B8rinnhold\/wp-content\/uploads\/2026\/02\/Nina-Hansen-300x300.webp 300w, https:\/\/ilaks.no\/Annons%C3%B8rinnhold\/wp-content\/uploads\/2026\/02\/Nina-Hansen-150x150.webp 150w, https:\/\/ilaks.no\/Annons%C3%B8rinnhold\/wp-content\/uploads\/2026\/02\/Nina-Hansen-768x768.webp 768w, https:\/\/ilaks.no\/Annons%C3%B8rinnhold\/wp-content\/uploads\/2026\/02\/Nina-Hansen-650x650.webp 650w\" sizes=\"(max-width: 800px) 100vw, 800px\" \/>\t\t\t\t\t\t\t\t\t\t\t<figcaption class=\"widget-image-caption wp-caption-text\">Nina Hansen<\/figcaption>\n\t\t\t\t\t\t\t\t\t\t<\/figure>\n\t\t\t\t\t\t\t\t\t<\/div>\n\t\t\t\t<\/div>\n\t\t\t\t<\/div>\n\t\t\t\t<\/div>\n\t\t\t\t\t<\/div>\n\t\t\t\t<\/div>\n\t\t<div class=\"elementor-element elementor-element-e145e85 e-con-full e-flex e-con e-parent\" data-id=\"e145e85\" data-element_type=\"container\" data-e-type=\"container\">\n\t\t<div class=\"elementor-element elementor-element-b892fc2 e-con-full e-flex e-con e-child\" data-id=\"b892fc2\" data-element_type=\"container\" data-e-type=\"container\" data-settings=\"{&quot;background_background&quot;:&quot;classic&quot;}\">\n\t\t<div class=\"elementor-element elementor-element-81e85d2 e-con-full e-flex e-con e-child\" data-id=\"81e85d2\" data-element_type=\"container\" data-e-type=\"container\">\n\t\t\t\t<div class=\"elementor-element elementor-element-6bebf61 elementor-widget__width-inherit elementor-widget elementor-widget-text-editor\" data-id=\"6bebf61\" data-element_type=\"widget\" data-e-type=\"widget\" data-widget_type=\"text-editor.default\">\n\t\t\t\t<div class=\"elementor-widget-container\">\n\t\t\t\t\t\t\t\t\t<h1 class=\"heading heading__main\">Tidlig planlegging gir de beste resultatene<\/h1>\t\t\t\t\t\t\t\t<\/div>\n\t\t\t\t<\/div>\n\t\t\t\t<div class=\"elementor-element elementor-element-713e970 elementor-widget elementor-widget-lucrezia_core_button\" data-id=\"713e970\" data-element_type=\"widget\" data-e-type=\"widget\" data-widget_type=\"lucrezia_core_button.default\">\n\t\t\t\t<div class=\"elementor-widget-container\">\n\t\t\t\t\t<a class=\"qodef-shortcode qodef-m  qodef-button qodef-layout--filled  qodef-html--link\" href=\"https:\/\/www.nte.no\/bedrift\/havbruk\/tidlig-planlegging?utm_source=iLaks&#038;utm_medium=Annonseartikkel&#038;utm_campaign=NTE\" target=\"_blank\"  style=\"text-transform: uppercase\">\n\t<span class=\"qodef-m-text\">Les mer<\/span>\n<\/a>\n\t\t\t\t<\/div>\n\t\t\t\t<\/div>\n\t\t\t\t<\/div>\n\t\t\t\t<\/div>\n\t\t\t\t<\/div>\n\t\t\t\t<\/div>\n\t\t","protected":false},"excerpt":{"rendered":"<p>Tronn-Ove \u00d8ren, prosjektleder utvikling i Sinkaberg (venstre) og prosjektleder Trym Eidsnes i Framo (h\u00f8yre). Foto: Framo AS ANNONSEARTIKKEL \u00a0| Spar tid og millioner Skal dere automatisere, digitalisere og elektrifisere drifta? Da l\u00f8nner det seg \u00e5 sette sammen et godt lag! \u2013 Vi vet at samarbeid er mye bedre enn solol\u00f8p, sier Kristian Haug Flakk, som [&hellip;]<\/p>\n","protected":false},"author":1,"featured_media":0,"parent":0,"menu_order":0,"comment_status":"closed","ping_status":"closed","template":"page-full-width.php","meta":{"footnotes":""},"class_list":["post-10227","page","type-page","status-publish","hentry"],"_links":{"self":[{"href":"https:\/\/ilaks.no\/Annons%C3%B8rinnhold\/wp-json\/wp\/v2\/pages\/10227","targetHints":{"allow":["GET"]}}],"collection":[{"href":"https:\/\/ilaks.no\/Annons%C3%B8rinnhold\/wp-json\/wp\/v2\/pages"}],"about":[{"href":"https:\/\/ilaks.no\/Annons%C3%B8rinnhold\/wp-json\/wp\/v2\/types\/page"}],"author":[{"embeddable":true,"href":"https:\/\/ilaks.no\/Annons%C3%B8rinnhold\/wp-json\/wp\/v2\/users\/1"}],"replies":[{"embeddable":true,"href":"https:\/\/ilaks.no\/Annons%C3%B8rinnhold\/wp-json\/wp\/v2\/comments?post=10227"}],"version-history":[{"count":56,"href":"https:\/\/ilaks.no\/Annons%C3%B8rinnhold\/wp-json\/wp\/v2\/pages\/10227\/revisions"}],"predecessor-version":[{"id":10483,"href":"https:\/\/ilaks.no\/Annons%C3%B8rinnhold\/wp-json\/wp\/v2\/pages\/10227\/revisions\/10483"}],"wp:attachment":[{"href":"https:\/\/ilaks.no\/Annons%C3%B8rinnhold\/wp-json\/wp\/v2\/media?parent=10227"}],"curies":[{"name":"wp","href":"https:\/\/api.w.org\/{rel}","templated":true}]}}